{"id":7092,"date":"2024-07-17T10:01:40","date_gmt":"2024-07-17T08:01:40","guid":{"rendered":"https:\/\/engie.sk\/service-messages\/"},"modified":"2025-01-23T12:54:07","modified_gmt":"2025-01-23T11:54:07","slug":"service-messages","status":"publish","type":"page","link":"https:\/\/engie.sk\/en\/service-messages\/","title":{"rendered":"Service messages"},"content":{"rendered":"\n\n\t<section class=\"section\" id=\"section_754308523\">\n\t\t<div class=\"section-bg fill\" >\n\t\t\t\t\t\t\t\t\t\n\t\t\t\n\n\t\t<\/div>\n\n\t\t\n\n\t\t<div class=\"section-content relative\">\n\t\t\t\n\n<div class=\"row align-equal align-center\"  id=\"row-171745628\">\n\n\n\t<div id=\"col-246731269\" class=\"col medium-12 small-12 large-10\"  >\n\t\t\t\t<div class=\"col-inner\"  >\n\t\t\t\n\t\t\t\n\n<div id=\"portfolio-1481058646\" class=\"portfolio-element-wrapper has-filtering\">\n  \n    <div class=\"row large-columns-1 medium-columns- small-columns-1 row-small has-shadow row-box-shadow-2 row-box-shadow-3-hover\" >\n    <div class=\"col\" data-terms=\"[&quot;Racianska tepl\u00e1rensk\u00e1&quot;,&quot;Service messages&quot;,&quot;TERMMING&quot;,&quot;The First Ru\u017einov Company&quot;]\" >\n          <div class=\"col-inner\" >\n          <a href=\"https:\/\/engie.sk\/en\/referencie\/racianska-teplarenska-en,service-messages,termming-en,the-first-ruzinov-company\/start-up-of-heating-test-operation\/\" class=\"plain \">\n          <div class=\"portfolio-box box has-hover box-vertical box-text-middle\">\n            <div class=\"box-image\" style=\"width:30%;\">\n                <div class=\"image-cover\" style=\"padding-top:100%;\">\n                <img decoding=\"async\" width=\"300\" height=\"195\" src=\"https:\/\/engie.sk\/wp-content\/uploads\/radiator-thermostat_.jpg\" class=\"attachment-original size-original\" alt=\"\" \/>                                                <\/div>\n            <\/div>\n            <div class=\"box-text text-left is-small\" >\n                  <div class=\"box-text-inner\">\n                      <h6 class=\"uppercase portfolio-box-title\">Start-up of heating &#8211; test operation<\/h6>\n                      <p class=\"uppercase portfolio-box-category is-xsmall op-6\">\n                        <span class=\"show-on-hover\">\n                         Racianska tepl\u00e1rensk\u00e1, Service messages, TERMMING, The First Ru\u017einov Company                        <\/span>\n                      <\/p>\n                  <\/div>\n            <\/div>\n           <\/div>\n           <\/a>\n           <\/div>\n           <\/div><div class=\"col\" data-terms=\"[&quot;Racianska tepl\u00e1rensk\u00e1&quot;,&quot;TERMMING&quot;,&quot;The First Ru\u017einov Company&quot;]\" >\n          <div class=\"col-inner\" >\n          <a href=\"https:\/\/engie.sk\/en\/referencie\/racianska-teplarenska-en,termming-en,the-first-ruzinov-company\/interruption-of-heating-from-22-5-2025\/\" class=\"plain \">\n          <div class=\"portfolio-box box has-hover box-vertical box-text-middle\">\n            <div class=\"box-image\" style=\"width:30%;\">\n                <div class=\"image-cover\" style=\"padding-top:100%;\">\n                <img decoding=\"async\" width=\"660\" height=\"437\" src=\"https:\/\/engie.sk\/wp-content\/uploads\/vykurovanie.jpg\" class=\"attachment-original size-original\" alt=\"\" \/>                                                <\/div>\n            <\/div>\n            <div class=\"box-text text-left is-small\" >\n                  <div class=\"box-text-inner\">\n                      <h6 class=\"uppercase portfolio-box-title\">Interruption of heating from 22.5.2025<\/h6>\n                      <p class=\"uppercase portfolio-box-category is-xsmall op-6\">\n                        <span class=\"show-on-hover\">\n                         Racianska tepl\u00e1rensk\u00e1, TERMMING, The First Ru\u017einov Company                        <\/span>\n                      <\/p>\n                  <\/div>\n            <\/div>\n           <\/div>\n           <\/a>\n           <\/div>\n           <\/div><div class=\"col\" data-terms=\"[&quot;Engie Services&quot;,&quot;Racianska tepl\u00e1rensk\u00e1&quot;,&quot;Service messages&quot;,&quot;TERMMING&quot;,&quot;The First Ru\u017einov Company&quot;]\" >\n          <div class=\"col-inner\" >\n          <a href=\"https:\/\/engie.sk\/en\/referencie\/engie-services-en,racianska-teplarenska-en,service-messages,termming-en,the-first-ruzinov-company\/start-of-heating-from-1-10-2024\/\" class=\"plain \">\n          <div class=\"portfolio-box box has-hover box-vertical box-text-middle\">\n            <div class=\"box-image\" style=\"width:30%;\">\n                <div class=\"image-cover\" style=\"padding-top:100%;\">\n                <img decoding=\"async\" width=\"2121\" height=\"1061\" src=\"https:\/\/engie.sk\/wp-content\/uploads\/heating-radiator-1538476707.jpg\" class=\"attachment-original size-original\" alt=\"\" \/>                                                <\/div>\n            <\/div>\n            <div class=\"box-text text-left is-small\" >\n                  <div class=\"box-text-inner\">\n                      <h6 class=\"uppercase portfolio-box-title\">Start of heating from 1.10.2024<\/h6>\n                      <p class=\"uppercase portfolio-box-category is-xsmall op-6\">\n                        <span class=\"show-on-hover\">\n                         Engie Services, Racianska tepl\u00e1rensk\u00e1, Service messages, TERMMING, The First Ru\u017einov Company                        <\/span>\n                      <\/p>\n                  <\/div>\n            <\/div>\n           <\/div>\n           <\/a>\n           <\/div>\n           <\/div><\/div><\/div>\n<style>\n#portfolio-1481058646 .box-image {\n  width: 30%;\n}\n<\/style>\n\n\n\n\t\t<\/div>\n\t\t\t\t\t<\/div>\n\n\t\n\n<\/div>\n\n\t\t<\/div>\n\n\t\t\n<style>\n#section_754308523 {\n  padding-top: 30px;\n  padding-bottom: 30px;\n}\n<\/style>\n\t<\/section>\n\t\n\n","protected":false},"excerpt":{"rendered":"","protected":false},"author":1,"featured_media":0,"parent":0,"menu_order":0,"comment_status":"closed","ping_status":"closed","template":"page-right-sidebar.php","meta":{"_acf_changed":false,"footnotes":""},"class_list":["post-7092","page","type-page","status-publish","hentry"],"acf":[],"yoast_head":"<!-- This site is optimized with the Yoast SEO plugin v27.4 - https:\/\/yoast.com\/product\/yoast-seo-wordpress\/ -->\n<title>Service messages - Engie<\/title>\n<meta name=\"robots\" content=\"index, follow, max-snippet:-1, max-image-preview:large, max-video-preview:-1\" \/>\n<link rel=\"canonical\" href=\"https:\/\/engie.sk\/en\/service-messages\/\" \/>\n<meta property=\"og:locale\" content=\"en_US\" \/>\n<meta property=\"og:type\" content=\"article\" \/>\n<meta property=\"og:title\" content=\"Service messages - Engie\" \/>\n<meta property=\"og:url\" content=\"https:\/\/engie.sk\/en\/service-messages\/\" \/>\n<meta property=\"og:site_name\" content=\"Engie\" \/>\n<meta property=\"article:modified_time\" content=\"2025-01-23T11:54:07+00:00\" \/>\n<meta name=\"twitter:card\" content=\"summary_large_image\" \/>\n<script type=\"application\/ld+json\" class=\"yoast-schema-graph\">{\"@context\":\"https:\\\/\\\/schema.org\",\"@graph\":[{\"@type\":\"WebPage\",\"@id\":\"https:\\\/\\\/engie.sk\\\/en\\\/service-messages\\\/\",\"url\":\"https:\\\/\\\/engie.sk\\\/en\\\/service-messages\\\/\",\"name\":\"Service messages - Engie\",\"isPartOf\":{\"@id\":\"https:\\\/\\\/engie.sk\\\/en\\\/#website\"},\"datePublished\":\"2024-07-17T08:01:40+00:00\",\"dateModified\":\"2025-01-23T11:54:07+00:00\",\"breadcrumb\":{\"@id\":\"https:\\\/\\\/engie.sk\\\/en\\\/service-messages\\\/#breadcrumb\"},\"inLanguage\":\"en-US\",\"potentialAction\":[{\"@type\":\"ReadAction\",\"target\":[\"https:\\\/\\\/engie.sk\\\/en\\\/service-messages\\\/\"]}]},{\"@type\":\"BreadcrumbList\",\"@id\":\"https:\\\/\\\/engie.sk\\\/en\\\/service-messages\\\/#breadcrumb\",\"itemListElement\":[{\"@type\":\"ListItem\",\"position\":1,\"name\":\"Home\",\"item\":\"https:\\\/\\\/engie.sk\\\/en\\\/home\\\/\"},{\"@type\":\"ListItem\",\"position\":2,\"name\":\"Service messages\"}]},{\"@type\":\"WebSite\",\"@id\":\"https:\\\/\\\/engie.sk\\\/en\\\/#website\",\"url\":\"https:\\\/\\\/engie.sk\\\/en\\\/\",\"name\":\"Engie\",\"description\":\"\",\"potentialAction\":[{\"@type\":\"SearchAction\",\"target\":{\"@type\":\"EntryPoint\",\"urlTemplate\":\"https:\\\/\\\/engie.sk\\\/en\\\/?s={search_term_string}\"},\"query-input\":{\"@type\":\"PropertyValueSpecification\",\"valueRequired\":true,\"valueName\":\"search_term_string\"}}],\"inLanguage\":\"en-US\"}]}<\/script>\n<!-- \/ Yoast SEO plugin. -->","yoast_head_json":{"title":"Service messages - Engie","robots":{"index":"index","follow":"follow","max-snippet":"max-snippet:-1","max-image-preview":"max-image-preview:large","max-video-preview":"max-video-preview:-1"},"canonical":"https:\/\/engie.sk\/en\/service-messages\/","og_locale":"en_US","og_type":"article","og_title":"Service messages - Engie","og_url":"https:\/\/engie.sk\/en\/service-messages\/","og_site_name":"Engie","article_modified_time":"2025-01-23T11:54:07+00:00","twitter_card":"summary_large_image","schema":{"@context":"https:\/\/schema.org","@graph":[{"@type":"WebPage","@id":"https:\/\/engie.sk\/en\/service-messages\/","url":"https:\/\/engie.sk\/en\/service-messages\/","name":"Service messages - Engie","isPartOf":{"@id":"https:\/\/engie.sk\/en\/#website"},"datePublished":"2024-07-17T08:01:40+00:00","dateModified":"2025-01-23T11:54:07+00:00","breadcrumb":{"@id":"https:\/\/engie.sk\/en\/service-messages\/#breadcrumb"},"inLanguage":"en-US","potentialAction":[{"@type":"ReadAction","target":["https:\/\/engie.sk\/en\/service-messages\/"]}]},{"@type":"BreadcrumbList","@id":"https:\/\/engie.sk\/en\/service-messages\/#breadcrumb","itemListElement":[{"@type":"ListItem","position":1,"name":"Home","item":"https:\/\/engie.sk\/en\/home\/"},{"@type":"ListItem","position":2,"name":"Service messages"}]},{"@type":"WebSite","@id":"https:\/\/engie.sk\/en\/#website","url":"https:\/\/engie.sk\/en\/","name":"Engie","description":"","potentialAction":[{"@type":"SearchAction","target":{"@type":"EntryPoint","urlTemplate":"https:\/\/engie.sk\/en\/?s={search_term_string}"},"query-input":{"@type":"PropertyValueSpecification","valueRequired":true,"valueName":"search_term_string"}}],"inLanguage":"en-US"}]}},"_links":{"self":[{"href":"https:\/\/engie.sk\/en\/wp-json\/wp\/v2\/pages\/7092","targetHints":{"allow":["GET"]}}],"collection":[{"href":"https:\/\/engie.sk\/en\/wp-json\/wp\/v2\/pages"}],"about":[{"href":"https:\/\/engie.sk\/en\/wp-json\/wp\/v2\/types\/page"}],"author":[{"embeddable":true,"href":"https:\/\/engie.sk\/en\/wp-json\/wp\/v2\/users\/1"}],"replies":[{"embeddable":true,"href":"https:\/\/engie.sk\/en\/wp-json\/wp\/v2\/comments?post=7092"}],"version-history":[{"count":0,"href":"https:\/\/engie.sk\/en\/wp-json\/wp\/v2\/pages\/7092\/revisions"}],"wp:attachment":[{"href":"https:\/\/engie.sk\/en\/wp-json\/wp\/v2\/media?parent=7092"}],"curies":[{"name":"wp","href":"https:\/\/api.w.org\/{rel}","templated":true}]}}