{"id":7072,"date":"2024-08-29T16:02:49","date_gmt":"2024-08-29T14:02:49","guid":{"rendered":"https:\/\/engie.sk\/lmt-a-s\/"},"modified":"2026-02-25T08:32:04","modified_gmt":"2026-02-25T07:32:04","slug":"lmt-a-s","status":"publish","type":"page","link":"https:\/\/engie.sk\/en\/lmt-a-s\/","title":{"rendered":"LMT, a.s."},"content":{"rendered":"\n\n\t<section class=\"section\" id=\"section_363697461\">\n\t\t<div class=\"section-bg fill\" >\n\t\t\t\t\t\t\t\t\t\n\t\t\t\n\n\t\t<\/div>\n\n\t\t\n\n\t\t<div class=\"section-content relative\">\n\t\t\t\n\n<div class=\"row row-collapse align-center\"  id=\"row-1656048977\">\n\n\n\t<div id=\"col-1716107434\" class=\"col small-12 large-12\"  >\n\t\t\t\t<div class=\"col-inner\" style=\"background-color:#00aaff;\" >\n\t\t\t\n\t\t\t\n\n\n  <div class=\"banner has-hover bw-gradient-section\" id=\"banner-1589452184\">\n          <div class=\"banner-inner fill\">\n        <div class=\"banner-bg fill\" >\n                                                \n                    <\/div>\n\t\t\n        <div class=\"banner-layers container\">\n            <div class=\"fill banner-link\"><\/div>            \n\n   <div id=\"text-box-1615447888\" class=\"text-box banner-layer x50 md-x50 lg-x50 y50 md-y50 lg-y50 res-text\">\n                                <div class=\"text-box-content text dark\">\n              \n              <div class=\"text-inner text-center\">\n                  \n\n<h2>LMT, a.s.<\/h2>\n\n              <\/div>\n           <\/div>\n                            \n<style>\n#text-box-1615447888 {\n  width: 60%;\n}\n#text-box-1615447888 .text-box-content {\n  font-size: 100%;\n}\n<\/style>\n    <\/div>\n \n\n        <\/div>\n      <\/div>\n\n            \n<style>\n#banner-1589452184 {\n  padding-top: 350px;\n}\n@media (min-width:550px) {\n  #banner-1589452184 {\n    padding-top: 550px;\n  }\n}\n<\/style>\n  <\/div>\n\n\n\n\t\t<\/div>\n\t\t\t\t\n<style>\n#col-1716107434 > .col-inner {\n  margin: 0px 0px -60px 0px;\n}\n@media (min-width:550px) {\n  #col-1716107434 > .col-inner {\n    margin: 0px 0px -60px 0px;\n  }\n}\n@media (min-width:850px) {\n  #col-1716107434 > .col-inner {\n    margin: 0px 0px -160px 0px;\n  }\n}\n<\/style>\n\t<\/div>\n\n\t\n\n<\/div>\n\n\t\t<\/div>\n\n\t\t\n<style>\n#section_363697461 {\n  padding-top: 0px;\n  padding-bottom: 0px;\n}\n<\/style>\n\t<\/section>\n\t\n\n\t<section class=\"section\" id=\"section_73770974\">\n\t\t<div class=\"section-bg fill\" >\n\t\t\t\t\t\t\t\t\t\n\t\t\t\n\n\t\t<\/div>\n\n\t\t\n\n\t\t<div class=\"section-content relative\">\n\t\t\t\n\n<div class=\"row row-collapse align-center\"  id=\"row-859871014\">\n\n\n\t<div id=\"col-1178628993\" class=\"col medium-10 small-11 large-10\"  >\n\t\t\t\t<div class=\"col-inner\" style=\"background-color:rgb(255,255,255);\" >\n\t\t\t\n\t\t\t\n\n<div class=\"row align-equal align-center row-box-shadow-2 row-box-shadow-3-hover\"  id=\"row-7023387\">\n\n\n\t<div id=\"col-375455289\" class=\"col bw--engie-bottom-gradient medium-6 small-12 large-4\"  >\n\t\t\t\t<div class=\"col-inner\"  >\n\t\t\t\n\t\t\t\n\n<p>Start of activity<\/p>\n<h3>2008<\/h3>\n\n\t\t<\/div>\n\t\t\t\t\t<\/div>\n\n\t\n\n\t<div id=\"col-471113933\" class=\"col bw--engie-bottom-gradient medium-6 small-12 large-4\"  >\n\t\t\t\t<div class=\"col-inner\"  >\n\t\t\t\n\t\t\t\n\n<p>Total installed power<\/p>\n<h3>50,4 MW<\/h3>\n\n\t\t<\/div>\n\t\t\t\t\t<\/div>\n\n\t\n\n\t<div id=\"col-615781207\" class=\"col bw--engie-bottom-gradient medium-6 small-12 large-4\"  >\n\t\t\t\t<div class=\"col-inner\"  >\n\t\t\t\n\t\t\t\n\n<p>Installed capacity: biomass<\/p>\n<h3>7 MW<\/h3>\n\n\t\t<\/div>\n\t\t\t\t\t<\/div>\n\n\t\n\n\t<div id=\"col-1939026893\" class=\"col bw--engie-bottom-gradient medium-6 small-12 large-4\"  >\n\t\t\t\t<div class=\"col-inner\"  >\n\t\t\t\n\t\t\t\n\n<p>Annual heat production<\/p>\n<h3>46.5 GWh<\/h3>\n\n\t\t<\/div>\n\t\t\t\t\t<\/div>\n\n\t\n\n\t<div id=\"col-735404245\" class=\"col bw--engie-bottom-gradient medium-6 small-12 large-4\"  >\n\t\t\t\t<div class=\"col-inner\"  >\n\t\t\t\n\t\t\t\n\n<p>Number of boiler rooms<\/p>\n<h3>28<\/h3>\n\n\t\t<\/div>\n\t\t\t\t\t<\/div>\n\n\t\n\n\t<div id=\"col-196063133\" class=\"col bw--engie-bottom-gradient medium-6 small-12 large-4\"  >\n\t\t\t\t<div class=\"col-inner\"  >\n\t\t\t\n\t\t\t\n\n<p>Length of wiring<\/p>\n<h3>26.6 km<\/h3>\n\n\t\t<\/div>\n\t\t\t\t\t<\/div>\n\n\t\n\n\n<style>\n#row-7023387 > .col > .col-inner {\n  padding: 20px 50px 20px 50px;\n}\n@media (min-width:550px) {\n  #row-7023387 > .col > .col-inner {\n    padding: 20px 50px 20px 50px;\n  }\n}\n@media (min-width:850px) {\n  #row-7023387 > .col > .col-inner {\n    padding: 30px 50px 30px 50px;\n  }\n}\n<\/style>\n<\/div>\n\n\t\t<\/div>\n\t\t\t\t\n<style>\n#col-1178628993 > .col-inner {\n  padding: 20px 20px 20px 20px;\n  margin: 0px 0px 50px 0px;\n}\n@media (min-width:550px) {\n  #col-1178628993 > .col-inner {\n    padding: 50px 50px 50px 50px;\n  }\n}\n@media (min-width:850px) {\n  #col-1178628993 > .col-inner {\n    padding: 50px 100px 50px 100px;\n  }\n}\n<\/style>\n\t<\/div>\n\n\t\n\n<\/div>\n<div class=\"row align-center\"  id=\"row-958651893\">\n\n\n\t<div id=\"col-469029344\" class=\"col small-12 large-12\"  >\n\t\t\t\t<div class=\"col-inner\"  >\n\t\t\t\n\t\t\t\n\n<div class=\"container section-title-container\" ><h3 class=\"section-title section-title-center\"><b aria-hidden=\"true\"><\/b><span class=\"section-title-main\" style=\"color:rgb(0, 0, 0);\">Services provided<\/span><b aria-hidden=\"true\"><\/b><\/h3><\/div>\n\n\n\t\t<\/div>\n\t\t\t\t\t<\/div>\n\n\t\n\n\t<div id=\"col-1094829316\" class=\"col ee-list-holder-simple medium-5 small-12 large-5\"  >\n\t\t\t\t<div class=\"col-inner\"  >\n\t\t\t\n\t\t\t\n\n<ul>\n<li>Production and distribution of heat and hot water<\/li>\n<\/ul>\n\n\t\t<\/div>\n\t\t\t\t\n<style>\n#col-1094829316 > .col-inner {\n  margin: 0px 0px 30px 0px;\n}\n<\/style>\n\t<\/div>\n\n\t\n\n<\/div>\n<div class=\"row align-center\"  id=\"row-385458519\">\n\n\n\t<div id=\"col-1121047638\" class=\"col small-12 large-12\"  >\n\t\t\t\t<div class=\"col-inner\"  >\n\t\t\t\n\t\t\t\n\n<div class=\"container section-title-container\" ><h3 class=\"section-title section-title-center\"><b aria-hidden=\"true\"><\/b><span class=\"section-title-main\" style=\"color:rgb(0, 0, 0);\">Service messages<\/span><b aria-hidden=\"true\"><\/b><\/h3><\/div>\n\n\n\t\t<\/div>\n\t\t\t\t\t<\/div>\n\n\t\n\n\t<div id=\"col-162241850\" class=\"col medium-10 small-12 large-10\"  >\n\t\t\t\t<div class=\"col-inner\"  >\n\t\t\t\n\t\t\t\n\n<div id=\"portfolio-147503554\" class=\"portfolio-element-wrapper has-filtering\">\n  \n    <div class=\"row large-columns-2 medium-columns- small-columns-1 row-small has-shadow row-box-shadow-3 row-box-shadow-2-hover\" >\n    <\/div><\/div>\n<style>\n#portfolio-147503554 .box-image {\n  width: 32%;\n}\n<\/style>\n\n\n\n\t\t<\/div>\n\t\t\t\t\t<\/div>\n\n\t\n\n<\/div>\n<div class=\"row align-center\"  id=\"row-1674568478\">\n\n\n\t<div id=\"col-508636304\" class=\"col medium-12 small-12 large-10\"  >\n\t\t\t\t<div class=\"col-inner\" style=\"background-color:rgba(0, 170, 255, 0.9);\" >\n\t\t\t\n\t\t\t\n\n<div class=\"row align-equal align-center dark-section\"  id=\"row-87424082\">\n\n\n\t<div id=\"col-1101512984\" class=\"col medium-4 small-4 large-2\"  >\n\t\t\t\t<div class=\"col-inner text-center\"  >\n\t\t\t\n\t\t\t\n\n\n\n<span style=\"color:#ffffff;\" aria-hidden=\"true\" class=\"nj-icon nj-icon-twenty-four\"><\/span>\n\n\n\t\t<\/div>\n\t\t\t\t\t<\/div>\n\n\t\n\n\t<div id=\"col-1749539818\" class=\"col medium-8 small-8 large-4\"  >\n\t\t\t\t<div class=\"col-inner text-left\"  >\n\t\t\t\n\t\t\t\n\n\t<div id=\"text-1409298312\" class=\"text\">\n\t\t\n\n<h2>24\/7 dispatching<\/h2>\n\t\t\n<style>\n#text-1409298312 {\n  text-align: left;\n  color: rgb(255,255,255);\n}\n#text-1409298312 > * {\n  color: rgb(255,255,255);\n}\n@media (min-width:850px) {\n  #text-1409298312 {\n    text-align: left;\n  }\n}\n<\/style>\n\t<\/div>\n\t\n\n\t\t<\/div>\n\t\t\t\t\n<style>\n#col-1749539818 > .col-inner {\n  margin: 30px 0px 0px 0px;\n}\n@media (min-width:550px) {\n  #col-1749539818 > .col-inner {\n    margin: 30px 0px 0px -48px;\n  }\n}\n<\/style>\n\t<\/div>\n\n\t\n\n\t<div id=\"col-1139804553\" class=\"col medium-10 small-12 large-6\"  >\n\t\t\t\t<div class=\"col-inner text-center\"  >\n\t\t\t\n\t\t\t\n\n\t<div id=\"stack-4258619137\" class=\"stack stack-row justify-center items-stretch sm:stack-col\">\n\t\t\n\n<a href=\"mailto:dispecing.sk@engie.com\" class=\"button white expand\" >\n\t\t<span>dispecing.sk@engie.com<\/span>\n\t<i class=\"icon-angle-right\" aria-hidden=\"true\"><\/i><\/a>\n\n\n<a href=\"tel:0850364431\" class=\"button white expand\" >\n\t\t<span>0850 364 431 \/ 0850 ENGIE 1<\/span>\n\t<i class=\"icon-angle-right\" aria-hidden=\"true\"><\/i><\/a>\n\n\n\n\t\t\n<style>\n#stack-4258619137 > * {\n  --stack-gap: 1rem;\n}\n<\/style>\n\t<\/div>\n\t\n\n\t\t<\/div>\n\t\t\t\t\n<style>\n#col-1139804553 > .col-inner {\n  margin: 0px 0px -15px 0px;\n}\n@media (min-width:550px) {\n  #col-1139804553 > .col-inner {\n    margin: 0px 0px 0px 0px;\n  }\n}\n@media (min-width:850px) {\n  #col-1139804553 > .col-inner {\n    margin: 30px 38px 0px -38px;\n  }\n}\n<\/style>\n\t<\/div>\n\n\t\n\n\n<style>\n#row-87424082 > .col > .col-inner {\n  padding: 15px 15px 0px 15px;\n}\n@media (min-width:850px) {\n  #row-87424082 > .col > .col-inner {\n    padding: 30px 15px 0px 15px;\n  }\n}\n<\/style>\n<\/div>\n\n\t\t<\/div>\n\t\t\t\t\n<style>\n#col-508636304 > .col-inner {\n  margin: 0px 0px 30px 0px;\n}\n<\/style>\n\t<\/div>\n\n\t\n\n\t<div id=\"col-2114281839\" class=\"col medium-12 small-12 large-10\"  >\n\t\t\t\t<div class=\"col-inner\"  >\n\t\t\t\n\t\t\t\n\n<div class=\"accordion\">\n\n\t<div id=\"accordion-2755438208\" class=\"accordion-item\">\n\t\t<a id=\"accordion-2755438208-label\" class=\"accordion-title plain\" href=\"#accordion-item-contact-details\" aria-expanded=\"false\" aria-controls=\"accordion-2755438208-content\">\n\t\t\t<button class=\"toggle\" aria-label=\"Toggle\"><i class=\"icon-angle-down\" aria-hidden=\"true\"><\/i><\/button>\n\t\t\t<span>Contact details<\/span>\n\t\t<\/a>\n\t\t<div id=\"accordion-2755438208-content\" class=\"accordion-inner\" aria-labelledby=\"accordion-2755438208-label\">\n\t\t\t\n\n<div class=\"row\"  id=\"row-1351273772\">\n\n\n\t<div id=\"col-824773775\" class=\"col medium-4 small-12 large-4\"  >\n\t\t\t\t<div class=\"col-inner\"  >\n\t\t\t\n\t\t\t\n\n<h4>Address<\/h4>\n<p><strong>LMT, a. s. <\/strong><br>Za tra\u0165ou 605\/1<br>031 04 Liptovsk\u00fd Mikul\u00e1\u0161<\/p>\n<p><i class=\"fa fa-fw fa-map-marker\"> <\/i> <a href=\"https:\/\/maps.app.goo.gl\/8QRR4NtEzR29xbSRA\" target=\"_blank\">Look on the map<\/a><\/p>\n\n\t\t<\/div>\n\t\t\t\t\t<\/div>\n\n\t\n\n\t<div id=\"col-629908081\" class=\"col medium-4 small-12 large-4\"  >\n\t\t\t\t<div class=\"col-inner\"  >\n\t\t\t\n\t\t\t\n\n<h4>Contact<\/h4>\n<p><i class=\"fa fa-fw fa-phone-square\">&nbsp;<\/i> <a href=\"tel:+421445514515\">+421 44 551 45 15<\/a><br><i class=\"fa fa-fw fa-envelope\">&nbsp;<\/i> <a href=\"mailto:lmt.sk@engie.com\">lmt.sk@engie.com<\/a><\/p>\n\n\t\t<\/div>\n\t\t\t\t\t<\/div>\n\n\t\n\n\t<div id=\"col-1994100604\" class=\"col medium-4 small-12 large-4\"  >\n\t\t\t\t<div class=\"col-inner\"  >\n\t\t\t\n\t\t\t\n\n\n\t\t<\/div>\n\t\t\t\t\t<\/div>\n\n\t\n\n<\/div>\n\n\t\t<\/div>\n\t<\/div>\n\t\n\t<div id=\"accordion-1833474000\" class=\"accordion-item\">\n\t\t<a id=\"accordion-1833474000-label\" class=\"accordion-title plain\" href=\"#accordion-item-invoicing-data\" aria-expanded=\"false\" aria-controls=\"accordion-1833474000-content\">\n\t\t\t<button class=\"toggle\" aria-label=\"Toggle\"><i class=\"icon-angle-down\" aria-hidden=\"true\"><\/i><\/button>\n\t\t\t<span>Invoicing data<\/span>\n\t\t<\/a>\n\t\t<div id=\"accordion-1833474000-content\" class=\"accordion-inner\" aria-labelledby=\"accordion-1833474000-label\">\n\t\t\t\n\n<div class=\"row\"  id=\"row-250791248\">\n\n\n\t<div id=\"col-1349421207\" class=\"col medium-4 small-12 large-4\"  >\n\t\t\t\t<div class=\"col-inner\"  >\n\t\t\t\n\t\t\t\n\n<p><strong>I\u010cO<\/strong>: 44438982<br> DI\u010c: 2022712274<br> I\u010c<strong>DPH<\/strong>: SK2022712274&nbsp;<\/p>\n\n\t\t<\/div>\n\t\t\t\t\t<\/div>\n\n\t\n\n\t<div id=\"col-1094901175\" class=\"col medium-4 small-12 large-4\"  >\n\t\t\t\t<div class=\"col-inner\"  >\n\t\t\t\n\t\t\t\n\n<p><strong>Bank connection: <br><\/strong>IBAN&nbsp;&nbsp;SK74 1100 0000 0026 2618 0567<\/p>\n\n\t\t<\/div>\n\t\t\t\t\t<\/div>\n\n\t\n\n\t<div id=\"col-1983804441\" class=\"col medium-4 small-12 large-4\"  >\n\t\t\t\t<div class=\"col-inner\"  >\n\t\t\t\n\t\t\t\n\n\n\t\t<\/div>\n\t\t\t\t\t<\/div>\n\n\t\n\n<\/div>\n\n\t\t<\/div>\n\t<\/div>\n\t\n\t<div id=\"accordion-3073502659\" class=\"accordion-item\">\n\t\t<a id=\"accordion-3073502659-label\" class=\"accordion-title plain\" href=\"#accordion-item-smk-policy-and-certificate\" aria-expanded=\"false\" aria-controls=\"accordion-3073502659-content\">\n\t\t\t<button class=\"toggle\" aria-label=\"Toggle\"><i class=\"icon-angle-down\" aria-hidden=\"true\"><\/i><\/button>\n\t\t\t<span>SMK Policy and Certificate<\/span>\n\t\t<\/a>\n\t\t<div id=\"accordion-3073502659-content\" class=\"accordion-inner\" aria-labelledby=\"accordion-3073502659-label\">\n\t\t\t\n\n<div class=\"row\"  id=\"row-1288327104\">\n\n\n\t<div id=\"col-1868359620\" class=\"col small-12 large-12\"  >\n\t\t\t\t<div class=\"col-inner\"  >\n\t\t\t\n\t\t\t\n\n<div class=\"row\"  id=\"row-1123201007\">\n\n\n\t<div id=\"col-1148145689\" class=\"col small-12 large-12\"  >\n\t\t\t\t<div class=\"col-inner\"  >\n\t\t\t\n\t\t\t\n\n<p><a href=\"https:\/\/engie.sk\/wp-content\/uploads\/Politika-kvality-LMT.pdf\">Quality policy<\/a><br><a href=\"https:\/\/engie.sk\/wp-content\/uploads\/LMT-9001.pdf\">Certificate<\/a><\/p>\n\n\t\t<\/div>\n\t\t\t\t\t<\/div>\n\n\t\n\n<\/div>\n\n\t\t<\/div>\n\t\t\t\t\t<\/div>\n\n\t\n\n<\/div>\n\n\t\t<\/div>\n\t<\/div>\n\t\n\t<div id=\"accordion-675024115\" class=\"accordion-item\">\n\t\t<a id=\"accordion-675024115-label\" class=\"accordion-title plain\" href=\"#accordion-item-information-and-documentation-for-customers\" aria-expanded=\"false\" aria-controls=\"accordion-675024115-content\">\n\t\t\t<button class=\"toggle\" aria-label=\"Toggle\"><i class=\"icon-angle-down\" aria-hidden=\"true\"><\/i><\/button>\n\t\t\t<span>Information and documentation for customers<\/span>\n\t\t<\/a>\n\t\t<div id=\"accordion-675024115-content\" class=\"accordion-inner\" aria-labelledby=\"accordion-675024115-label\">\n\t\t\t\n\n<p><a href=\"https:\/\/engie.sk\/wp-content\/uploads\/Webove-oznamenie-LMT-Nabrezie.pdf\">Environment Fund: <strong>construction of heat source from RES at boiler house PK 10 &#8211; N\u00e1bre\u017eie and connection of <\/strong><strong>new consumption points to energy efficient CZT system, L. Mikul\u00e1\u0161, L. Mikul\u00e1\u0161<\/strong><\/a><\/p>\n<p><a href=\"\/wp-content\/uploads\/ENG-PS01_Canon-iR-ADV-C5550-III_3280_001.pdf\">Heat production permit, 14.\nchange <\/a><\/p>\n<p><a href=\"\/wp-content\/uploads\/0080_2024_T_LMT.pdf\">Pricing Decision No.\n0080\/2024\/T <\/a>  of 20.11.2023 m e n \u00ed decision no. 0268\/2023\/T of 27.12.2022 with effect from 1.  January 2024 by the end of 6. of the regulatory period<br>for consumption points in Liptovsk\u00fd Mikul\u00e1\u0161<\/p>\n<p><a href=\"\/wp-content\/uploads\/0268_2023_T_LMT.pdf\">Pricing Decision No. 0268\/2023\/T<\/a>  dated 27.12.2022, for the period from 1 January 2023 to 31 December 2023 with validity until the end of the 6th regulatory period for consumption points in Liptovsk\u00fd Mikul\u00e1\u0161   <\/p>\n<p><a href=\"\/wp-content\/uploads\/0352_2022_T_LMT.pdf\">Pricing Decision No.\n0352\/2022\/T <\/a>  dated 27.09.2022 valid  <strong>from 1 October 2022 to 31 December 2022 <\/strong>  for sampling points in Liptovsk\u00fd Mikul\u00e1\u0161, <strong>decision <\/strong> no. 0261\/2017\/T dated 06.12.2016 in the wording of decision no. 0092\/2019\/T dated 03.12.2018 as amended by Decision No 0250\/2021\/T dated 07.09.2021 as amended by Decision No 0068\/2022\/T dated 03.12.2021 and as amended by Decision No 0276\/2022\/T dated 11.05.2022   <\/p>\n<p><a href=\"\/wp-content\/uploads\/0276_2022_T_LMT.pdf\">Pricing Decision No.\n0276\/2022\/T dated 16.05.2022 <\/a>  valid from 1 June 2022 to 31 December 2022 for the off-take points in Liptovsk\u00fd Mikul\u00e1\u0161 <strong>, <\/strong>Decision No.  0261\/2017\/T dated 06.12.2016 in the wording of decision no. 0092\/2019\/T dated 03.12.2018 as amended by Decision No. 0250\/2021\/T dated 07.09.2021 and as amended by Decision No. 0068\/2022\/T dated 03.12.2021  <br><a href=\"\/wp-content\/uploads\/Cenove-rozhodnutie-0068_2022_T_LMT.pdf\">Pricing Decision No.\n0068\/2022\/T dated 3.12.2021 valid   <\/a>  from 1. January 2022 to 31. on December 2022 <strong>amends <\/strong>Decision No. 0261\/2017\/T dated 06.12.2016 in the wording of decision no. 0092\/2019\/T dated 03.12.2018 and as amended by decision no. 0250\/2021\/T<br><a href=\"\/wp-content\/uploads\/Cenove-rozhodnutie-0250_2021_T_LMT.pdf\">Pricing Decision No.\n0250\/2021\/T dated 7.09.2021 until 31.12.2022 <\/a>, This Decision forms an integral part of Decision No 0261\/2017\/T of 06.12.2016 as amended by Decision No 0092\/2019\/T of 03.12.2018  <\/p>\n<p><a href=\"https:\/\/engie.sk\/wp-content\/uploads\/SK-teplo-2025-LMT.pdf\">Quality Standards 2025<\/a><\/p>\n<p><a href=\"https:\/\/engie.sk\/wp-content\/uploads\/SK-LMT.pdf\">Quality Standards 2024<\/a><\/p>\n<p><a href=\"\/wp-content\/uploads\/SK-teplo-LMT.pdf\">Quality Standards 2023<\/a><br><a href=\"\/wp-content\/uploads\/SK-LMT-2022-teplo.pdf\">Quality Standards 2022<\/a><\/p>\n<p><a href=\"https:\/\/engie.sk\/wp-content\/uploads\/Vypracovanie-bezpecnostnej-dokumentacie-LMT-a.s.pdf\">Project: elaboration of safety documentation of LMT, a.s. (21.10.2024 &#8211; 28.2.2025), grant amount: 44.446 without VAT<\/a><\/p>\n<p><a href=\"https:\/\/engie.sk\/wp-content\/uploads\/Tlacova-sprava.pdf\">Press Release &#8211; Grant to improve cybersecurity for LMT<\/a><\/p>\n\t<div class=\"img has-hover x md-x lg-x y md-y lg-y\" id=\"image_1747383533\">\n\t\t\t\t\t\t\t\t<div class=\"img-inner dark\" >\n\t\t\t<img decoding=\"async\" width=\"2066\" height=\"195\" src=\"https:\/\/engie.sk\/wp-content\/uploads\/Kyberneticka-bezpecnost.png\" class=\"attachment-original size-original\" alt=\"\" \/>\t\t\t\t\t\t\n\t\t\t\t\t<\/div>\n\t\t\t\t\t\t\t\t\n<style>\n#image_1747383533 {\n  width: 100%;\n}\n<\/style>\n\t<\/div>\n\t\n\n\n\t\t<\/div>\n\t<\/div>\n\t\n\n<\/div>\n\n\t\t<\/div>\n\t\t\t\t\t<\/div>\n\n\t\n\n<\/div>\n\n\t\t<\/div>\n\n\t\t\n<style>\n#section_73770974 {\n  padding-top: 0px;\n  padding-bottom: 0px;\n}\n<\/style>\n\t<\/section>\n\t\n\n","protected":false},"excerpt":{"rendered":"","protected":false},"author":1,"featured_media":0,"parent":0,"menu_order":0,"comment_status":"closed","ping_status":"closed","template":"page-blank.php","meta":{"_acf_changed":false,"footnotes":""},"class_list":["post-7072","page","type-page","status-publish","hentry"],"acf":[],"yoast_head":"<!-- This site is optimized with the Yoast SEO plugin v27.4 - https:\/\/yoast.com\/product\/yoast-seo-wordpress\/ -->\n<title>LMT, a.s. - Engie<\/title>\n<meta name=\"robots\" content=\"index, follow, max-snippet:-1, max-image-preview:large, max-video-preview:-1\" \/>\n<link rel=\"canonical\" href=\"https:\/\/engie.sk\/en\/lmt-a-s\/\" \/>\n<meta property=\"og:locale\" content=\"en_US\" \/>\n<meta property=\"og:type\" content=\"article\" \/>\n<meta property=\"og:title\" content=\"LMT, a.s. - Engie\" \/>\n<meta property=\"og:url\" content=\"https:\/\/engie.sk\/en\/lmt-a-s\/\" \/>\n<meta property=\"og:site_name\" content=\"Engie\" \/>\n<meta property=\"article:modified_time\" content=\"2026-02-25T07:32:04+00:00\" \/>\n<meta name=\"twitter:card\" content=\"summary_large_image\" \/>\n<meta name=\"twitter:label1\" content=\"Est. reading time\" \/>\n\t<meta name=\"twitter:data1\" content=\"4 minutes\" \/>\n<script type=\"application\/ld+json\" class=\"yoast-schema-graph\">{\"@context\":\"https:\\\/\\\/schema.org\",\"@graph\":[{\"@type\":\"WebPage\",\"@id\":\"https:\\\/\\\/engie.sk\\\/en\\\/lmt-a-s\\\/\",\"url\":\"https:\\\/\\\/engie.sk\\\/en\\\/lmt-a-s\\\/\",\"name\":\"LMT, a.s. - Engie\",\"isPartOf\":{\"@id\":\"https:\\\/\\\/engie.sk\\\/en\\\/#website\"},\"datePublished\":\"2024-08-29T14:02:49+00:00\",\"dateModified\":\"2026-02-25T07:32:04+00:00\",\"breadcrumb\":{\"@id\":\"https:\\\/\\\/engie.sk\\\/en\\\/lmt-a-s\\\/#breadcrumb\"},\"inLanguage\":\"en-US\",\"potentialAction\":[{\"@type\":\"ReadAction\",\"target\":[\"https:\\\/\\\/engie.sk\\\/en\\\/lmt-a-s\\\/\"]}]},{\"@type\":\"BreadcrumbList\",\"@id\":\"https:\\\/\\\/engie.sk\\\/en\\\/lmt-a-s\\\/#breadcrumb\",\"itemListElement\":[{\"@type\":\"ListItem\",\"position\":1,\"name\":\"Home\",\"item\":\"https:\\\/\\\/engie.sk\\\/en\\\/home\\\/\"},{\"@type\":\"ListItem\",\"position\":2,\"name\":\"LMT, a.s.\"}]},{\"@type\":\"WebSite\",\"@id\":\"https:\\\/\\\/engie.sk\\\/en\\\/#website\",\"url\":\"https:\\\/\\\/engie.sk\\\/en\\\/\",\"name\":\"Engie\",\"description\":\"\",\"potentialAction\":[{\"@type\":\"SearchAction\",\"target\":{\"@type\":\"EntryPoint\",\"urlTemplate\":\"https:\\\/\\\/engie.sk\\\/en\\\/?s={search_term_string}\"},\"query-input\":{\"@type\":\"PropertyValueSpecification\",\"valueRequired\":true,\"valueName\":\"search_term_string\"}}],\"inLanguage\":\"en-US\"}]}<\/script>\n<!-- \/ Yoast SEO plugin. -->","yoast_head_json":{"title":"LMT, a.s. - Engie","robots":{"index":"index","follow":"follow","max-snippet":"max-snippet:-1","max-image-preview":"max-image-preview:large","max-video-preview":"max-video-preview:-1"},"canonical":"https:\/\/engie.sk\/en\/lmt-a-s\/","og_locale":"en_US","og_type":"article","og_title":"LMT, a.s. - Engie","og_url":"https:\/\/engie.sk\/en\/lmt-a-s\/","og_site_name":"Engie","article_modified_time":"2026-02-25T07:32:04+00:00","twitter_card":"summary_large_image","twitter_misc":{"Est. reading time":"4 minutes"},"schema":{"@context":"https:\/\/schema.org","@graph":[{"@type":"WebPage","@id":"https:\/\/engie.sk\/en\/lmt-a-s\/","url":"https:\/\/engie.sk\/en\/lmt-a-s\/","name":"LMT, a.s. - Engie","isPartOf":{"@id":"https:\/\/engie.sk\/en\/#website"},"datePublished":"2024-08-29T14:02:49+00:00","dateModified":"2026-02-25T07:32:04+00:00","breadcrumb":{"@id":"https:\/\/engie.sk\/en\/lmt-a-s\/#breadcrumb"},"inLanguage":"en-US","potentialAction":[{"@type":"ReadAction","target":["https:\/\/engie.sk\/en\/lmt-a-s\/"]}]},{"@type":"BreadcrumbList","@id":"https:\/\/engie.sk\/en\/lmt-a-s\/#breadcrumb","itemListElement":[{"@type":"ListItem","position":1,"name":"Home","item":"https:\/\/engie.sk\/en\/home\/"},{"@type":"ListItem","position":2,"name":"LMT, a.s."}]},{"@type":"WebSite","@id":"https:\/\/engie.sk\/en\/#website","url":"https:\/\/engie.sk\/en\/","name":"Engie","description":"","potentialAction":[{"@type":"SearchAction","target":{"@type":"EntryPoint","urlTemplate":"https:\/\/engie.sk\/en\/?s={search_term_string}"},"query-input":{"@type":"PropertyValueSpecification","valueRequired":true,"valueName":"search_term_string"}}],"inLanguage":"en-US"}]}},"_links":{"self":[{"href":"https:\/\/engie.sk\/en\/wp-json\/wp\/v2\/pages\/7072","targetHints":{"allow":["GET"]}}],"collection":[{"href":"https:\/\/engie.sk\/en\/wp-json\/wp\/v2\/pages"}],"about":[{"href":"https:\/\/engie.sk\/en\/wp-json\/wp\/v2\/types\/page"}],"author":[{"embeddable":true,"href":"https:\/\/engie.sk\/en\/wp-json\/wp\/v2\/users\/1"}],"replies":[{"embeddable":true,"href":"https:\/\/engie.sk\/en\/wp-json\/wp\/v2\/comments?post=7072"}],"version-history":[{"count":0,"href":"https:\/\/engie.sk\/en\/wp-json\/wp\/v2\/pages\/7072\/revisions"}],"wp:attachment":[{"href":"https:\/\/engie.sk\/en\/wp-json\/wp\/v2\/media?parent=7072"}],"curies":[{"name":"wp","href":"https:\/\/api.w.org\/{rel}","templated":true}]}}