{"id":7068,"date":"2024-08-29T16:22:28","date_gmt":"2024-08-29T14:22:28","guid":{"rendered":"https:\/\/engie.sk\/racianska-teplarenska-a-s\/"},"modified":"2026-02-25T08:34:12","modified_gmt":"2026-02-25T07:34:12","slug":"racianska-teplarenska-a-s","status":"publish","type":"page","link":"https:\/\/engie.sk\/en\/racianska-teplarenska-a-s\/","title":{"rendered":"Ra\u010dianska tepl\u00e1rensk\u00e1, a.s."},"content":{"rendered":"\n\n\t<section class=\"section\" id=\"section_583794016\">\n\t\t<div class=\"section-bg fill\" >\n\t\t\t\t\t\t\t\t\t\n\t\t\t\n\n\t\t<\/div>\n\n\t\t\n\n\t\t<div class=\"section-content relative\">\n\t\t\t\n\n<div class=\"row row-collapse align-center\"  id=\"row-1563823903\">\n\n\n\t<div id=\"col-475886707\" class=\"col small-12 large-12\"  >\n\t\t\t\t<div class=\"col-inner\" style=\"background-color:#00aaff;\" >\n\t\t\t\n\t\t\t\n\n\n  <div class=\"banner has-hover bw-gradient-section\" id=\"banner-805549535\">\n          <div class=\"banner-inner fill\">\n        <div class=\"banner-bg fill\" >\n                                                \n                    <\/div>\n\t\t\n        <div class=\"banner-layers container\">\n            <div class=\"fill banner-link\"><\/div>            \n\n   <div id=\"text-box-1652433295\" class=\"text-box banner-layer x50 md-x50 lg-x50 y50 md-y50 lg-y50 res-text\">\n                                <div class=\"text-box-content text dark\">\n              \n              <div class=\"text-inner text-center\">\n                  \n\n<h2>Ra\u010dianska tepl\u00e1rensk\u00e1, a.s.<\/h2>\n\n              <\/div>\n           <\/div>\n                            \n<style>\n#text-box-1652433295 {\n  width: 60%;\n}\n#text-box-1652433295 .text-box-content {\n  font-size: 100%;\n}\n<\/style>\n    <\/div>\n \n\n        <\/div>\n      <\/div>\n\n            \n<style>\n#banner-805549535 {\n  padding-top: 350px;\n}\n@media (min-width:550px) {\n  #banner-805549535 {\n    padding-top: 550px;\n  }\n}\n<\/style>\n  <\/div>\n\n\n\n\t\t<\/div>\n\t\t\t\t\n<style>\n#col-475886707 > .col-inner {\n  margin: 0px 0px -60px 0px;\n}\n@media (min-width:550px) {\n  #col-475886707 > .col-inner {\n    margin: 0px 0px -60px 0px;\n  }\n}\n@media (min-width:850px) {\n  #col-475886707 > .col-inner {\n    margin: 0px 0px -160px 0px;\n  }\n}\n<\/style>\n\t<\/div>\n\n\t\n\n<\/div>\n\n\t\t<\/div>\n\n\t\t\n<style>\n#section_583794016 {\n  padding-top: 0px;\n  padding-bottom: 0px;\n}\n<\/style>\n\t<\/section>\n\t\n\n\t<section class=\"section\" id=\"section_1272525564\">\n\t\t<div class=\"section-bg fill\" >\n\t\t\t\t\t\t\t\t\t\n\t\t\t\n\n\t\t<\/div>\n\n\t\t\n\n\t\t<div class=\"section-content relative\">\n\t\t\t\n\n<div class=\"row row-collapse align-center\"  id=\"row-117467020\">\n\n\n\t<div id=\"col-1913128173\" class=\"col medium-10 small-11 large-10\"  >\n\t\t\t\t<div class=\"col-inner\" style=\"background-color:rgb(255,255,255);\" >\n\t\t\t\n\t\t\t\n\n<div class=\"row align-equal align-center row-box-shadow-2 row-box-shadow-3-hover\"  id=\"row-17990454\">\n\n\n\t<div id=\"col-423389129\" class=\"col bw--engie-bottom-gradient medium-6 small-12 large-4\"  >\n\t\t\t\t<div class=\"col-inner\"  >\n\t\t\t\n\t\t\t\n\n<p>Start of activity<\/p>\n<h3>2004<\/h3>\n\n\t\t<\/div>\n\t\t\t\t\t<\/div>\n\n\t\n\n\t<div id=\"col-319437992\" class=\"col bw--engie-bottom-gradient medium-6 small-12 large-4\"  >\n\t\t\t\t<div class=\"col-inner\"  >\n\t\t\t\n\t\t\t\n\n<p>Total installed power<\/p>\n<h3>43,6 MW<\/h3>\n\n\t\t<\/div>\n\t\t\t\t\t<\/div>\n\n\t\n\n\t<div id=\"col-1444034429\" class=\"col bw--engie-bottom-gradient medium-6 small-12 large-4\"  >\n\t\t\t\t<div class=\"col-inner\"  >\n\t\t\t\n\t\t\t\n\n<p>Annual heat production<\/p>\n<h3>28.2 GWH<\/h3>\n\n\t\t<\/div>\n\t\t\t\t\t<\/div>\n\n\t\n\n\t<div id=\"col-2137358711\" class=\"col bw--engie-bottom-gradient medium-6 small-12 large-4\"  >\n\t\t\t\t<div class=\"col-inner\"  >\n\t\t\t\n\t\t\t\n\n<p>Number of boiler rooms<\/p>\n<h3>27<\/h3>\n\n\t\t<\/div>\n\t\t\t\t\t<\/div>\n\n\t\n\n\t<div id=\"col-780679291\" class=\"col bw--engie-bottom-gradient medium-6 small-12 large-4\"  >\n\t\t\t\t<div class=\"col-inner\"  >\n\t\t\t\n\t\t\t\n\n<p>Length of wiring<\/p>\n<h3>8.36 km<\/h3>\n\n\t\t<\/div>\n\t\t\t\t\t<\/div>\n\n\t\n\n\n<style>\n#row-17990454 > .col > .col-inner {\n  padding: 20px 50px 20px 50px;\n}\n@media (min-width:550px) {\n  #row-17990454 > .col > .col-inner {\n    padding: 20px 50px 20px 50px;\n  }\n}\n@media (min-width:850px) {\n  #row-17990454 > .col > .col-inner {\n    padding: 30px 50px 30px 50px;\n  }\n}\n<\/style>\n<\/div>\n\n\t\t<\/div>\n\t\t\t\t\n<style>\n#col-1913128173 > .col-inner {\n  padding: 20px 20px 20px 20px;\n  margin: 0px 0px 0px 0px;\n}\n@media (min-width:550px) {\n  #col-1913128173 > .col-inner {\n    padding: 50px 50px 50px 50px;\n  }\n}\n@media (min-width:850px) {\n  #col-1913128173 > .col-inner {\n    padding: 50px 100px 50px 100px;\n    margin: 0px 0px 50px 0px;\n  }\n}\n<\/style>\n\t<\/div>\n\n\t\n\n<\/div>\n<div class=\"row align-center\"  id=\"row-1177036457\">\n\n\n\t<div id=\"col-1346541169\" class=\"col small-12 large-12\"  >\n\t\t\t\t<div class=\"col-inner\"  >\n\t\t\t\n\t\t\t\n\n<div class=\"container section-title-container\" ><h3 class=\"section-title section-title-center\"><b aria-hidden=\"true\"><\/b><span class=\"section-title-main\" style=\"color:rgb(0, 0, 0);\">Services provided<\/span><b aria-hidden=\"true\"><\/b><\/h3><\/div>\n\n\n\t\t<\/div>\n\t\t\t\t\t<\/div>\n\n\t\n\n\t<div id=\"col-829261288\" class=\"col ee-list-holder-simple medium-5 small-12 large-5\"  >\n\t\t\t\t<div class=\"col-inner\"  >\n\t\t\t\n\t\t\t\n\n<ul>\n<li>Production and distribution of heat and hot water<\/li>\n<\/ul>\n\n\t\t<\/div>\n\t\t\t\t\n<style>\n#col-829261288 > .col-inner {\n  margin: 0px 0px 30px 0px;\n}\n<\/style>\n\t<\/div>\n\n\t\n\n<\/div>\n<div class=\"row align-center\"  id=\"row-620202174\">\n\n\n\t<div id=\"col-569934423\" class=\"col small-12 large-12\"  >\n\t\t\t\t<div class=\"col-inner\"  >\n\t\t\t\n\t\t\t\n\n<div class=\"container section-title-container\" ><h3 class=\"section-title section-title-center\"><b aria-hidden=\"true\"><\/b><span class=\"section-title-main\" style=\"color:rgb(0, 0, 0);\">Service messages<\/span><b aria-hidden=\"true\"><\/b><\/h3><\/div>\n\n\n\t\t<\/div>\n\t\t\t\t\t<\/div>\n\n\t\n\n\t<div id=\"col-556092265\" class=\"col medium-10 small-12 large-10\"  >\n\t\t\t\t<div class=\"col-inner\"  >\n\t\t\t\n\t\t\t\n\n<div id=\"portfolio-827812558\" class=\"portfolio-element-wrapper has-filtering\">\n  \n    <div class=\"row large-columns-2 medium-columns- small-columns-1 row-small has-shadow row-box-shadow-3 row-box-shadow-2-hover\" >\n    <div class=\"col\" data-terms=\"[&quot;Racianska tepl\u00e1rensk\u00e1&quot;,&quot;Service messages&quot;,&quot;TERMMING&quot;,&quot;The First Ru\u017einov Company&quot;]\" >\n          <div class=\"col-inner\" >\n          <a href=\"https:\/\/engie.sk\/en\/referencie\/racianska-teplarenska-en,service-messages,termming-en,the-first-ruzinov-company\/start-up-of-heating-test-operation\/\" class=\"plain \">\n          <div class=\"portfolio-box box has-hover box-vertical\">\n            <div class=\"box-image\" style=\"width:32%;\">\n                <div class=\"image-cover\" style=\"padding-top:100%;\">\n                <img decoding=\"async\" width=\"300\" height=\"195\" src=\"https:\/\/engie.sk\/wp-content\/uploads\/radiator-thermostat_.jpg\" class=\"attachment-original size-original\" alt=\"\" \/>                                                <\/div>\n            <\/div>\n            <div class=\"box-text text-left is-large\" >\n                  <div class=\"box-text-inner\">\n                      <h6 class=\"uppercase portfolio-box-title\">Start-up of heating &#8211; test operation<\/h6>\n                      <p class=\"uppercase portfolio-box-category is-xsmall op-6\">\n                        <span class=\"show-on-hover\">\n                         Racianska tepl\u00e1rensk\u00e1, Service messages, TERMMING, The First Ru\u017einov Company                        <\/span>\n                      <\/p>\n                  <\/div>\n            <\/div>\n           <\/div>\n           <\/a>\n           <\/div>\n           <\/div><div class=\"col\" data-terms=\"[&quot;Racianska tepl\u00e1rensk\u00e1&quot;,&quot;TERMMING&quot;,&quot;The First Ru\u017einov Company&quot;]\" >\n          <div class=\"col-inner\" >\n          <a href=\"https:\/\/engie.sk\/en\/referencie\/racianska-teplarenska-en,termming-en,the-first-ruzinov-company\/interruption-of-heating-from-22-5-2025\/\" class=\"plain \">\n          <div class=\"portfolio-box box has-hover box-vertical\">\n            <div class=\"box-image\" style=\"width:32%;\">\n                <div class=\"image-cover\" style=\"padding-top:100%;\">\n                <img decoding=\"async\" width=\"660\" height=\"437\" src=\"https:\/\/engie.sk\/wp-content\/uploads\/vykurovanie.jpg\" class=\"attachment-original size-original\" alt=\"\" \/>                                                <\/div>\n            <\/div>\n            <div class=\"box-text text-left is-large\" >\n                  <div class=\"box-text-inner\">\n                      <h6 class=\"uppercase portfolio-box-title\">Interruption of heating from 22.5.2025<\/h6>\n                      <p class=\"uppercase portfolio-box-category is-xsmall op-6\">\n                        <span class=\"show-on-hover\">\n                         Racianska tepl\u00e1rensk\u00e1, TERMMING, The First Ru\u017einov Company                        <\/span>\n                      <\/p>\n                  <\/div>\n            <\/div>\n           <\/div>\n           <\/a>\n           <\/div>\n           <\/div><div class=\"col\" data-terms=\"[&quot;Engie Services&quot;,&quot;Racianska tepl\u00e1rensk\u00e1&quot;,&quot;Service messages&quot;,&quot;TERMMING&quot;,&quot;The First Ru\u017einov Company&quot;]\" >\n          <div class=\"col-inner\" >\n          <a href=\"https:\/\/engie.sk\/en\/referencie\/engie-services-en,racianska-teplarenska-en,service-messages,termming-en,the-first-ruzinov-company\/start-of-heating-from-1-10-2024\/\" class=\"plain \">\n          <div class=\"portfolio-box box has-hover box-vertical\">\n            <div class=\"box-image\" style=\"width:32%;\">\n                <div class=\"image-cover\" style=\"padding-top:100%;\">\n                <img decoding=\"async\" width=\"2121\" height=\"1061\" src=\"https:\/\/engie.sk\/wp-content\/uploads\/heating-radiator-1538476707.jpg\" class=\"attachment-original size-original\" alt=\"\" \/>                                                <\/div>\n            <\/div>\n            <div class=\"box-text text-left is-large\" >\n                  <div class=\"box-text-inner\">\n                      <h6 class=\"uppercase portfolio-box-title\">Start of heating from 1.10.2024<\/h6>\n                      <p class=\"uppercase portfolio-box-category is-xsmall op-6\">\n                        <span class=\"show-on-hover\">\n                         Engie Services, Racianska tepl\u00e1rensk\u00e1, Service messages, TERMMING, The First Ru\u017einov Company                        <\/span>\n                      <\/p>\n                  <\/div>\n            <\/div>\n           <\/div>\n           <\/a>\n           <\/div>\n           <\/div><\/div><\/div>\n<style>\n#portfolio-827812558 .box-image {\n  width: 32%;\n}\n<\/style>\n\n\n\n\t\t<\/div>\n\t\t\t\t\t<\/div>\n\n\t\n\n<\/div>\n<div class=\"row align-center\"  id=\"row-1985709985\">\n\n\n\t<div id=\"col-1766889274\" class=\"col medium-12 small-12 large-10\"  >\n\t\t\t\t<div class=\"col-inner\" style=\"background-color:rgba(0, 170, 255, 0.9);\" >\n\t\t\t\n\t\t\t\n\n<div class=\"row align-equal align-center dark-section\"  id=\"row-644015708\">\n\n\n\t<div id=\"col-1291724782\" class=\"col medium-4 small-4 large-2\"  >\n\t\t\t\t<div class=\"col-inner text-center\"  >\n\t\t\t\n\t\t\t\n\n\n\n<span style=\"color:#ffffff;\" aria-hidden=\"true\" class=\"nj-icon nj-icon-twenty-four\"><\/span>\n\n\n\t\t<\/div>\n\t\t\t\t\t<\/div>\n\n\t\n\n\t<div id=\"col-1875932849\" class=\"col medium-8 small-8 large-4\"  >\n\t\t\t\t<div class=\"col-inner text-left\"  >\n\t\t\t\n\t\t\t\n\n\t<div id=\"text-2716272112\" class=\"text\">\n\t\t\n\n<h2>24\/7 dispatching<\/h2>\n\t\t\n<style>\n#text-2716272112 {\n  text-align: left;\n  color: rgb(255,255,255);\n}\n#text-2716272112 > * {\n  color: rgb(255,255,255);\n}\n@media (min-width:850px) {\n  #text-2716272112 {\n    text-align: left;\n  }\n}\n<\/style>\n\t<\/div>\n\t\n\n\t\t<\/div>\n\t\t\t\t\n<style>\n#col-1875932849 > .col-inner {\n  margin: 30px 0px 0px 0px;\n}\n@media (min-width:550px) {\n  #col-1875932849 > .col-inner {\n    margin: 30px 0px 0px -48px;\n  }\n}\n<\/style>\n\t<\/div>\n\n\t\n\n\t<div id=\"col-57499268\" class=\"col medium-10 small-12 large-6\"  >\n\t\t\t\t<div class=\"col-inner text-center\"  >\n\t\t\t\n\t\t\t\n\n\t<div id=\"stack-534971295\" class=\"stack stack-row justify-center items-stretch sm:stack-col\">\n\t\t\n\n<a href=\"mailto:dispecing.sk@engie.com\" class=\"button white expand\" >\n\t\t<span>dispecing.sk@engie.com<\/span>\n\t<i class=\"icon-angle-right\" aria-hidden=\"true\"><\/i><\/a>\n\n\n<a href=\"tel:0850364431\" class=\"button white expand\" >\n\t\t<span>0850 364 431 \/ 0850 ENGIE 1<\/span>\n\t<i class=\"icon-angle-right\" aria-hidden=\"true\"><\/i><\/a>\n\n\n\n\t\t\n<style>\n#stack-534971295 > * {\n  --stack-gap: 1rem;\n}\n<\/style>\n\t<\/div>\n\t\n\n\t\t<\/div>\n\t\t\t\t\n<style>\n#col-57499268 > .col-inner {\n  margin: 0px 0px -15px 0px;\n}\n@media (min-width:550px) {\n  #col-57499268 > .col-inner {\n    margin: 0px 0px 0px 0px;\n  }\n}\n@media (min-width:850px) {\n  #col-57499268 > .col-inner {\n    margin: 30px 38px 0px -38px;\n  }\n}\n<\/style>\n\t<\/div>\n\n\t\n\n\n<style>\n#row-644015708 > .col > .col-inner {\n  padding: 15px 15px 0px 15px;\n}\n@media (min-width:850px) {\n  #row-644015708 > .col > .col-inner {\n    padding: 30px 15px 0px 15px;\n  }\n}\n<\/style>\n<\/div>\n\n\t\t<\/div>\n\t\t\t\t\n<style>\n#col-1766889274 > .col-inner {\n  margin: 0px 0px 30px 0px;\n}\n<\/style>\n\t<\/div>\n\n\t\n\n\t<div id=\"col-825623826\" class=\"col medium-12 small-12 large-10\"  >\n\t\t\t\t<div class=\"col-inner\"  >\n\t\t\t\n\t\t\t\n\n<div class=\"accordion\">\n\n\t<div id=\"accordion-4185597435\" class=\"accordion-item\">\n\t\t<a id=\"accordion-4185597435-label\" class=\"accordion-title plain\" href=\"#accordion-item-contact-details\" aria-expanded=\"false\" aria-controls=\"accordion-4185597435-content\">\n\t\t\t<button class=\"toggle\" aria-label=\"Toggle\"><i class=\"icon-angle-down\" aria-hidden=\"true\"><\/i><\/button>\n\t\t\t<span>Contact details<\/span>\n\t\t<\/a>\n\t\t<div id=\"accordion-4185597435-content\" class=\"accordion-inner\" aria-labelledby=\"accordion-4185597435-label\">\n\t\t\t\n\n<div class=\"row\"  id=\"row-780682762\">\n\n\n\t<div id=\"col-304477383\" class=\"col medium-4 small-12 large-4\"  >\n\t\t\t\t<div class=\"col-inner\"  >\n\t\t\t\n\t\t\t\n\n<h4>Address<\/h4>\n<p><strong>Ra\u010dianska tepl\u00e1rensk\u00e1, a.s.<\/strong><br>He\u010dkova 5<br>831 05 Bratislava<br><i class=\"fa fa-fw fa-map-marker\">&nbsp;<\/i> <a href=\"https:\/\/maps.app.goo.gl\/7zctwUFpxWNF2kT48\" target=\"_blank\">&nbsp;Look on the map<\/a><\/p>\n\n\t\t<\/div>\n\t\t\t\t\t<\/div>\n\n\t\n\n\t<div id=\"col-738446787\" class=\"col medium-4 small-12 large-4\"  >\n\t\t\t\t<div class=\"col-inner\"  >\n\t\t\t\n\t\t\t\n\n<h4>Contact<\/h4>\n<p><i class=\"fa fa-fw fa-phone-square\">&nbsp;<\/i> <a href=\"tel:+421258316223\">+421 2 5831 6223<\/a><br><i class=\"fa fa-fw fa-phone-square\">&nbsp;<\/i> <a href=\"tel:+421258316139\">+421 2 5831 6139<\/a><br><i class=\"fa fa-fw fa-envelope\">&nbsp;<\/i> <a href=\"mailto:info.sk@engie.com\">info.sk@engie.com<\/a><\/p>\n\n\t\t<\/div>\n\t\t\t\t\t<\/div>\n\n\t\n\n\t<div id=\"col-1327489350\" class=\"col medium-4 small-12 large-4\"  >\n\t\t\t\t<div class=\"col-inner\"  >\n\t\t\t\n\t\t\t\n\n\n\t\t<\/div>\n\t\t\t\t\t<\/div>\n\n\t\n\n<\/div>\n\n\t\t<\/div>\n\t<\/div>\n\t\n\t<div id=\"accordion-1691084563\" class=\"accordion-item\">\n\t\t<a id=\"accordion-1691084563-label\" class=\"accordion-title plain\" href=\"#accordion-item-invoicing-data\" aria-expanded=\"false\" aria-controls=\"accordion-1691084563-content\">\n\t\t\t<button class=\"toggle\" aria-label=\"Toggle\"><i class=\"icon-angle-down\" aria-hidden=\"true\"><\/i><\/button>\n\t\t\t<span>Invoicing data<\/span>\n\t\t<\/a>\n\t\t<div id=\"accordion-1691084563-content\" class=\"accordion-inner\" aria-labelledby=\"accordion-1691084563-label\">\n\t\t\t\n\n<div class=\"row\"  id=\"row-1139914766\">\n\n\n\t<div id=\"col-2022619056\" class=\"col medium-4 small-12 large-4\"  >\n\t\t\t\t<div class=\"col-inner\"  >\n\t\t\t\n\t\t\t\n\n<p><strong>I\u010cO<\/strong>: 35886781<br> DI\u010c: 2021916072<br> I\u010c<strong>DPH<\/strong>: SK2021916072&nbsp;&nbsp;&nbsp;<\/p>\n\n\t\t<\/div>\n\t\t\t\t\t<\/div>\n\n\t\n\n\t<div id=\"col-1107484098\" class=\"col medium-4 small-12 large-4\"  >\n\t\t\t\t<div class=\"col-inner\"  >\n\t\t\t\n\t\t\t\n\n<p><strong>Bank connection:<\/strong> <br>IBAN&nbsp;&nbsp;SK21 7500 0000 0000 0000 2592 7283<\/p>\n\n\t\t<\/div>\n\t\t\t\t\t<\/div>\n\n\t\n\n\t<div id=\"col-691360359\" class=\"col medium-4 small-12 large-4\"  >\n\t\t\t\t<div class=\"col-inner\"  >\n\t\t\t\n\t\t\t\n\n\n\t\t<\/div>\n\t\t\t\t\t<\/div>\n\n\t\n\n<\/div>\n\n\t\t<\/div>\n\t<\/div>\n\t\n\t<div id=\"accordion-704705871\" class=\"accordion-item\">\n\t\t<a id=\"accordion-704705871-label\" class=\"accordion-title plain\" href=\"#accordion-item-smk-policy-and-certificate\" aria-expanded=\"false\" aria-controls=\"accordion-704705871-content\">\n\t\t\t<button class=\"toggle\" aria-label=\"Toggle\"><i class=\"icon-angle-down\" aria-hidden=\"true\"><\/i><\/button>\n\t\t\t<span>SMK Policy and Certificate<\/span>\n\t\t<\/a>\n\t\t<div id=\"accordion-704705871-content\" class=\"accordion-inner\" aria-labelledby=\"accordion-704705871-label\">\n\t\t\t\n\n<div class=\"row\"  id=\"row-242359502\">\n\n\n\t<div id=\"col-1982184168\" class=\"col small-12 large-12\"  >\n\t\t\t\t<div class=\"col-inner\"  >\n\t\t\t\n\t\t\t\n\n<div class=\"row\"  id=\"row-1625731040\">\n\n\n\t<div id=\"col-40669588\" class=\"col small-12 large-12\"  >\n\t\t\t\t<div class=\"col-inner\"  >\n\t\t\t\n\t\t\t\n\n<p class=\"accordBlok\"><a href=\"https:\/\/engie.sk\/wp-content\/uploads\/Politika-kvality-RT.pdf\">Quality policy<\/a><br><a href=\"https:\/\/engie.sk\/wp-content\/uploads\/Certifikat-9001-2025-2028-RT.pdf\">Certificate<\/a><\/p>\n\n\t\t<\/div>\n\t\t\t\t\t<\/div>\n\n\t\n\n<\/div>\n\n\t\t<\/div>\n\t\t\t\t\t<\/div>\n\n\t\n\n<\/div>\n\n\t\t<\/div>\n\t<\/div>\n\t\n\t<div id=\"accordion-3240725493\" class=\"accordion-item\">\n\t\t<a id=\"accordion-3240725493-label\" class=\"accordion-title plain\" href=\"#accordion-item-information-and-documentation-for-customers\" aria-expanded=\"false\" aria-controls=\"accordion-3240725493-content\">\n\t\t\t<button class=\"toggle\" aria-label=\"Toggle\"><i class=\"icon-angle-down\" aria-hidden=\"true\"><\/i><\/button>\n\t\t\t<span>Information and documentation for customers<\/span>\n\t\t<\/a>\n\t\t<div id=\"accordion-3240725493-content\" class=\"accordion-inner\" aria-labelledby=\"accordion-3240725493-label\">\n\t\t\t\n\n<p><a href=\"https:\/\/engie.sk\/wp-content\/uploads\/povolenie-c.-2006T-0273-26.-zmena.pdf\">Heat production permit &#8211; 26. change<\/a><\/p>\n<p><a href=\"\/wp-content\/uploads\/0143_2024_T_Racianska_teplarenska.pdf\">Price Decision No.0143\/2024\/T<\/a> dated 12.12.2023 with effect from 1. January 2024 by the end of 6. the regulatory period <strong>shall be subject to <\/strong>Decision No. 0225\/2023\/T for consumption points in the city of Bratislava<\/p>\n<p><a href=\"\/wp-content\/uploads\/0225_2023_T_Racianska_teplarenska.pdf\">Pricing Decision No. 0225\/2023\/T <\/a>  dated 19.12.2022, for the period from 1 January 2023 to 31 December 2023, valid until the end of the 6th regulatory period, for customer locations in the city of Bratislava   <br><strong><a href=\"\/wp-content\/uploads\/0372_2022_T_Racianska_teplarenska.pdf\">Pricing Decision No. 0372\/2022\/T <\/a>  <\/strong>of 2.11.2022 <strong>shall amend <\/strong>Decision No 0352\/2017\/T of 30.12.2016, as amended by Decision No 0102\/2019\/T of 05.12.2018, as amended by Decision No 0216\/2021\/T of 06.09.2021 and as amended by Decision No 0085\/2022\/T of 06.12.2021, with effect from the date of delivery of this Decision until the end of the 5th regulatory period     <br><a href=\"\/wp-content\/uploads\/Cenove-rozhodnutie-0085_2022_T_Racianska_teplarenska.pdf\">Pricing Decision No. 0085\/2022\/T dated 6.12.2021 valid   <\/a>  from 1 January 2022 until the end of the 5th regulatory period, modifies Decision No 0352\/2017\/T of 30.12.2016 as amended by Decision No 0102\/2019\/T of 05.12.2018 and Decision No 0216\/2021\/T of 06.09.2021    <br><a href=\"\/wp-content\/uploads\/Cenove-rozhodnutie-c.-216_2021_RT.pdf\">Pricing Decision No. 0216\/2021\/T dated 6.09.2021 until 31.12.2022 <\/a>  (This Decision forms an integral part of Decision No 0352\/2017\/T of 30.12.2016, as amended by Decision No 0102\/2019\/T of 05.12.2018)<\/p>\n<p><a href=\"\/wp-content\/uploads\/Porovnanie-hodnotenia-spokojnosti-zakaznikmi-Racianskej-teplarenskej-a.s.xlsx\">Customer Satisfaction Questionnaire Evaluation 2024<br><\/a><a href=\"\/wp-content\/uploads\/Vyhodnotenie-spokojnosti-zakaznikov-2023-RT.xlsx\">Evaluation of the Customer Satisfaction Questionnaire 2023<\/a><\/p>\n<p><a href=\"https:\/\/engie.sk\/wp-content\/uploads\/SK_RT.pdf\">Quality Standards 2024<\/a><\/p>\n<p><a href=\"\/wp-content\/uploads\/SK-teplo-RT.pdf\">Quality Standards 2023<\/a><\/p>\n<p><a href=\"\/wp-content\/uploads\/TEPLO-SK-RT.pdf\">Quality Standards 2022<\/a><\/p>\n\n\t\t<\/div>\n\t<\/div>\n\t\n\n<\/div>\n\n\t\t<\/div>\n\t\t\t\t\t<\/div>\n\n\t\n\n<\/div>\n\n\t\t<\/div>\n\n\t\t\n<style>\n#section_1272525564 {\n  padding-top: 0px;\n  padding-bottom: 0px;\n}\n<\/style>\n\t<\/section>\n\t\n\n","protected":false},"excerpt":{"rendered":"","protected":false},"author":1,"featured_media":0,"parent":0,"menu_order":0,"comment_status":"closed","ping_status":"closed","template":"page-blank.php","meta":{"_acf_changed":false,"footnotes":""},"class_list":["post-7068","page","type-page","status-publish","hentry"],"acf":[],"yoast_head":"<!-- This site is optimized with the Yoast SEO plugin v27.4 - https:\/\/yoast.com\/product\/yoast-seo-wordpress\/ -->\n<title>Ra\u010dianska tepl\u00e1rensk\u00e1, a.s. - Engie<\/title>\n<meta name=\"robots\" content=\"index, follow, max-snippet:-1, max-image-preview:large, max-video-preview:-1\" \/>\n<link rel=\"canonical\" href=\"https:\/\/engie.sk\/en\/racianska-teplarenska-a-s\/\" \/>\n<meta property=\"og:locale\" content=\"en_US\" \/>\n<meta property=\"og:type\" content=\"article\" \/>\n<meta property=\"og:title\" content=\"Ra\u010dianska tepl\u00e1rensk\u00e1, a.s. - Engie\" \/>\n<meta property=\"og:url\" content=\"https:\/\/engie.sk\/en\/racianska-teplarenska-a-s\/\" \/>\n<meta property=\"og:site_name\" content=\"Engie\" \/>\n<meta property=\"article:modified_time\" content=\"2026-02-25T07:34:12+00:00\" \/>\n<meta name=\"twitter:card\" content=\"summary_large_image\" \/>\n<meta name=\"twitter:label1\" content=\"Est. reading time\" \/>\n\t<meta name=\"twitter:data1\" content=\"4 minutes\" \/>\n<script type=\"application\/ld+json\" class=\"yoast-schema-graph\">{\"@context\":\"https:\\\/\\\/schema.org\",\"@graph\":[{\"@type\":\"WebPage\",\"@id\":\"https:\\\/\\\/engie.sk\\\/en\\\/racianska-teplarenska-a-s\\\/\",\"url\":\"https:\\\/\\\/engie.sk\\\/en\\\/racianska-teplarenska-a-s\\\/\",\"name\":\"Ra\u010dianska tepl\u00e1rensk\u00e1, a.s. - Engie\",\"isPartOf\":{\"@id\":\"https:\\\/\\\/engie.sk\\\/en\\\/#website\"},\"datePublished\":\"2024-08-29T14:22:28+00:00\",\"dateModified\":\"2026-02-25T07:34:12+00:00\",\"breadcrumb\":{\"@id\":\"https:\\\/\\\/engie.sk\\\/en\\\/racianska-teplarenska-a-s\\\/#breadcrumb\"},\"inLanguage\":\"en-US\",\"potentialAction\":[{\"@type\":\"ReadAction\",\"target\":[\"https:\\\/\\\/engie.sk\\\/en\\\/racianska-teplarenska-a-s\\\/\"]}]},{\"@type\":\"BreadcrumbList\",\"@id\":\"https:\\\/\\\/engie.sk\\\/en\\\/racianska-teplarenska-a-s\\\/#breadcrumb\",\"itemListElement\":[{\"@type\":\"ListItem\",\"position\":1,\"name\":\"Home\",\"item\":\"https:\\\/\\\/engie.sk\\\/en\\\/home\\\/\"},{\"@type\":\"ListItem\",\"position\":2,\"name\":\"Ra\u010dianska tepl\u00e1rensk\u00e1, a.s.\"}]},{\"@type\":\"WebSite\",\"@id\":\"https:\\\/\\\/engie.sk\\\/en\\\/#website\",\"url\":\"https:\\\/\\\/engie.sk\\\/en\\\/\",\"name\":\"Engie\",\"description\":\"\",\"potentialAction\":[{\"@type\":\"SearchAction\",\"target\":{\"@type\":\"EntryPoint\",\"urlTemplate\":\"https:\\\/\\\/engie.sk\\\/en\\\/?s={search_term_string}\"},\"query-input\":{\"@type\":\"PropertyValueSpecification\",\"valueRequired\":true,\"valueName\":\"search_term_string\"}}],\"inLanguage\":\"en-US\"}]}<\/script>\n<!-- \/ Yoast SEO plugin. -->","yoast_head_json":{"title":"Ra\u010dianska tepl\u00e1rensk\u00e1, a.s. - Engie","robots":{"index":"index","follow":"follow","max-snippet":"max-snippet:-1","max-image-preview":"max-image-preview:large","max-video-preview":"max-video-preview:-1"},"canonical":"https:\/\/engie.sk\/en\/racianska-teplarenska-a-s\/","og_locale":"en_US","og_type":"article","og_title":"Ra\u010dianska tepl\u00e1rensk\u00e1, a.s. - Engie","og_url":"https:\/\/engie.sk\/en\/racianska-teplarenska-a-s\/","og_site_name":"Engie","article_modified_time":"2026-02-25T07:34:12+00:00","twitter_card":"summary_large_image","twitter_misc":{"Est. reading time":"4 minutes"},"schema":{"@context":"https:\/\/schema.org","@graph":[{"@type":"WebPage","@id":"https:\/\/engie.sk\/en\/racianska-teplarenska-a-s\/","url":"https:\/\/engie.sk\/en\/racianska-teplarenska-a-s\/","name":"Ra\u010dianska tepl\u00e1rensk\u00e1, a.s. - Engie","isPartOf":{"@id":"https:\/\/engie.sk\/en\/#website"},"datePublished":"2024-08-29T14:22:28+00:00","dateModified":"2026-02-25T07:34:12+00:00","breadcrumb":{"@id":"https:\/\/engie.sk\/en\/racianska-teplarenska-a-s\/#breadcrumb"},"inLanguage":"en-US","potentialAction":[{"@type":"ReadAction","target":["https:\/\/engie.sk\/en\/racianska-teplarenska-a-s\/"]}]},{"@type":"BreadcrumbList","@id":"https:\/\/engie.sk\/en\/racianska-teplarenska-a-s\/#breadcrumb","itemListElement":[{"@type":"ListItem","position":1,"name":"Home","item":"https:\/\/engie.sk\/en\/home\/"},{"@type":"ListItem","position":2,"name":"Ra\u010dianska tepl\u00e1rensk\u00e1, a.s."}]},{"@type":"WebSite","@id":"https:\/\/engie.sk\/en\/#website","url":"https:\/\/engie.sk\/en\/","name":"Engie","description":"","potentialAction":[{"@type":"SearchAction","target":{"@type":"EntryPoint","urlTemplate":"https:\/\/engie.sk\/en\/?s={search_term_string}"},"query-input":{"@type":"PropertyValueSpecification","valueRequired":true,"valueName":"search_term_string"}}],"inLanguage":"en-US"}]}},"_links":{"self":[{"href":"https:\/\/engie.sk\/en\/wp-json\/wp\/v2\/pages\/7068","targetHints":{"allow":["GET"]}}],"collection":[{"href":"https:\/\/engie.sk\/en\/wp-json\/wp\/v2\/pages"}],"about":[{"href":"https:\/\/engie.sk\/en\/wp-json\/wp\/v2\/types\/page"}],"author":[{"embeddable":true,"href":"https:\/\/engie.sk\/en\/wp-json\/wp\/v2\/users\/1"}],"replies":[{"embeddable":true,"href":"https:\/\/engie.sk\/en\/wp-json\/wp\/v2\/comments?post=7068"}],"version-history":[{"count":0,"href":"https:\/\/engie.sk\/en\/wp-json\/wp\/v2\/pages\/7068\/revisions"}],"wp:attachment":[{"href":"https:\/\/engie.sk\/en\/wp-json\/wp\/v2\/media?parent=7068"}],"curies":[{"name":"wp","href":"https:\/\/api.w.org\/{rel}","templated":true}]}}