{"id":7006,"date":"2024-07-16T13:36:37","date_gmt":"2024-07-16T11:36:37","guid":{"rendered":"https:\/\/engie.sk\/contact\/"},"modified":"2026-01-15T15:10:49","modified_gmt":"2026-01-15T14:10:49","slug":"contact","status":"publish","type":"page","link":"https:\/\/engie.sk\/en\/contact\/","title":{"rendered":"Contact"},"content":{"rendered":"\n\n\t<section class=\"section\" id=\"section_2044136137\">\n\t\t<div class=\"section-bg fill\" >\n\t\t\t\t\t\t\t\t\t\n\t\t\t\n\n\t\t<\/div>\n\n\t\t\n\n\t\t<div class=\"section-content relative\">\n\t\t\t\n\n<div class=\"row row-collapse align-center\"  id=\"row-193021487\">\n\n\n\t<div id=\"col-957752296\" class=\"col small-12 large-12\"  >\n\t\t\t\t<div class=\"col-inner\"  >\n\t\t\t\n\t\t\t\n\n\t<div class=\"img has-hover x md-x lg-x y md-y lg-y\" id=\"image_1892640583\">\n\t\t\t\t\t\t\t\t<div class=\"img-inner image-cover dark\" style=\"padding-top:40%;\">\n\t\t\t<img decoding=\"async\" width=\"1937\" height=\"934\" src=\"https:\/\/engie.sk\/wp-content\/uploads\/kontakty-top.jpg\" class=\"attachment-original size-original\" alt=\"\" \/>\t\t\t\t\t\t\n\t\t\t\t\t<\/div>\n\t\t\t\t\t\t\t\t\n<style>\n#image_1892640583 {\n  width: 100%;\n}\n<\/style>\n\t<\/div>\n\t\n\n\n\t\t<\/div>\n\t\t\t\t\n<style>\n#col-957752296 > .col-inner {\n  margin: 0px 0px -60px 0px;\n}\n@media (min-width:550px) {\n  #col-957752296 > .col-inner {\n    margin: 0px 0px -60px 0px;\n  }\n}\n@media (min-width:850px) {\n  #col-957752296 > .col-inner {\n    margin: 0px 0px -160px 0px;\n  }\n}\n<\/style>\n\t<\/div>\n\n\t\n\n\t<div id=\"col-1072937195\" class=\"col medium-10 small-11 large-10\"  >\n\t\t\t\t<div class=\"col-inner\" style=\"background-color:rgb(255,255,255);\" >\n\t\t\t\n\t\t\t\n\n<h2>Contact<\/h2>\n\t<div id=\"text-2317556201\" class=\"text\">\n\t\t\n\n<h2 class=\"wp-block-heading\">24\/7 Dispatching (Fault Reporting)<\/h2>\n\t\t\n<style>\n#text-2317556201 {\n  color: #005288;\n}\n#text-2317556201 > * {\n  color: #005288;\n}\n<\/style>\n\t<\/div>\n\t\n<p> <a href=\"tel:+4219850364431\"><i class=\"icon-phone\"> <\/i> 0850 364 431 \/ 0850 ENGIE 1<\/a><br><a href=\"mailto:dispecing.sk@engie.com\"><i class=\"icon-envelop\"> <\/i>dispecing.sk@engie.com<br><\/a><\/p>\n\t<div id=\"gap-1534777798\" class=\"gap-element clearfix\" style=\"display:block; height:auto;\">\n\t\t\n<style>\n#gap-1534777798 {\n  padding-top: 30px;\n}\n<\/style>\n\t<\/div>\n\t\n\n<div class=\"row\"  id=\"row-1570761200\">\n\n\n\t<div id=\"col-49379114\" class=\"col medium-12 small-12 large-8\"  >\n\t\t\t\t<div class=\"col-inner text-left\"  >\n\t\t\t\n\t\t\t\n\n<div class=\"row\"  id=\"row-1519077744\">\n\n\n\t<div id=\"col-581338578\" class=\"col small-12 large-12\"  >\n\t\t\t\t<div class=\"col-inner\"  >\n\t\t\t\n\t\t\t\n\n\t<div id=\"text-1240337774\" class=\"text\">\n\t\t\n\n<h2 class=\"wp-block-heading\">Headquarters<\/h2>\n\t\t\n<style>\n#text-1240337774 {\n  color: #005288;\n}\n#text-1240337774 > * {\n  color: #005288;\n}\n<\/style>\n\t<\/div>\n\t\n\n\t\t<\/div>\n\t\t\t\t\t<\/div>\n\n\t\n\n\t<div id=\"col-976329769\" class=\"col medium-6 small-12 large-6\"  >\n\t\t\t\t<div class=\"col-inner\"  >\n\t\t\t\n\t\t\t\n\n<p><strong>ENGIE Services a.s.<\/strong><br>Jaro\u0161ova 1<br>831 03 Bratislava<\/p>\n<p>Opening hours: 08.00 &#8211; 16.30 h<\/p>\n<p> <a href=\"tel:+421258316223\"><i class=\"icon-phone\"> <\/i>+421 2 5831 6223<\/a><br><a href=\"mailto:info.sk@engie.com\"><i class=\"icon-envelop\"> <\/i>info.sk@engie.com<\/a><br><a href=\"https:\/\/maps.app.goo.gl\/zJQEQsEdfkozyCKS9\" target=\"_blank\" rel=\"noopener\"><i class=\"icon-map-pin-fill\"> <\/i>Look on the map<\/a><\/p>\n\n\t\t<\/div>\n\t\t\t\t\t<\/div>\n\n\t\n\n\t<div id=\"col-1670912766\" class=\"col medium-6 small-12 large-6\"  >\n\t\t\t\t<div class=\"col-inner\"  >\n\t\t\t\n\t\t\t\n\n<p><strong>Bank connection<\/strong><br>SK58 7500 0080 1005 5515 0053<\/p>\n<p><strong>Identification data<\/strong><br>ID No: 35 966 289<br>VAT No: 2022091995<br>VAT No: SK2022091995<\/p>\n\n\t\t<\/div>\n\t\t\t\t\t<\/div>\n\n\t\n\n<\/div>\n\n\t\t<\/div>\n\t\t\t\t\t<\/div>\n\n\t\n\n\t<div id=\"col-55540966\" class=\"col medium-12 small-12 large-4\"  >\n\t\t\t\t<div class=\"col-inner\"  >\n\t\t\t\n\t\t\t\n\n<div class=\"row\"  id=\"row-527178476\">\n\n\n\t<div id=\"col-1088357634\" class=\"col small-12 large-12\"  >\n\t\t\t\t<div class=\"col-inner\"  >\n\t\t\t\n\t\t\t\n\n\t<div id=\"text-3658667218\" class=\"text\">\n\t\t\n\n<h2 class=\"wp-block-heading\">Branches<\/h2>\n\t\t\n<style>\n#text-3658667218 {\n  color: #005288;\n}\n#text-3658667218 > * {\n  color: #005288;\n}\n<\/style>\n\t<\/div>\n\t\n\n\t\t<\/div>\n\t\t\t\t\t<\/div>\n\n\t\n\n\t<div id=\"col-1405406718\" class=\"col small-12 large-12\"  >\n\t\t\t\t<div class=\"col-inner\"  >\n\t\t\t\n\t\t\t\n\n<p><strong>\u017dilina<\/strong><br>Kragujevsk\u00e1 1, 010 01 \u017dilina<\/p>\n<p> <a href=\"https:\/\/maps.app.goo.gl\/HepcT7AJi8ubnAFQ6\" target=\"_blank\" rel=\"noopener\"><i class=\"icon-map-pin-fill\"> <\/i>Look on the map<\/a><\/p>\n<p><strong>Ko\u0161ice<\/strong><br>Magnezit\u00e1rska 2\/B, 040 13 Ko\u0161ice<\/p>\n<p> <a href=\"https:\/\/maps.app.goo.gl\/48EskqFGbV5DxtuG9\" target=\"_blank\" rel=\"noopener\"><i class=\"icon-map-pin-fill\"><\/i>  Look on the map<\/a><\/p>\n\n\t\t<\/div>\n\t\t\t\t\t<\/div>\n\n\t\n\n<\/div>\n\n\t\t<\/div>\n\t\t\t\t\t<\/div>\n\n\t\n\n<\/div>\n<div class=\"row row-collapse align-center\"  id=\"row-930005461\">\n\n\n\t<div id=\"col-1788590437\" class=\"col small-12 large-12\"  >\n\t\t\t\t<div class=\"col-inner\"  >\n\t\t\t\n\t\t\t\n\n<div class=\"accordion eg-kontakty-akordeon\">\n\n\t<div id=\"accordion-1983332762\" class=\"accordion-item\">\n\t\t<a id=\"accordion-1983332762-label\" class=\"accordion-title plain active\" href=\"#accordion-item-divisions-and-departments\" aria-expanded=\"true\" aria-controls=\"accordion-1983332762-content\">\n\t\t\t<button class=\"toggle\" aria-label=\"Toggle\"><i class=\"icon-angle-down\" aria-hidden=\"true\"><\/i><\/button>\n\t\t\t<span>Divisions and departments<\/span>\n\t\t<\/a>\n\t\t<div id=\"accordion-1983332762-content\" class=\"accordion-inner\" style=\"display: block;\" aria-labelledby=\"accordion-1983332762-label\">\n\t\t\t\n\n<div class=\"row\"  id=\"row-763273011\">\n\n\n\t<div id=\"col-1274189711\" class=\"col medium-12 small-12 large-4\"  >\n\t\t\t\t<div class=\"col-inner\"  >\n\t\t\t\n\t\t\t\n\n<p><strong>Central Purchasing Department<br><\/strong><a href=\"mailto:nakup.sk@engie.com\"><i class=\"icon-envelop\"> <\/i>nakup.sk@engie.com<\/a><\/p>\n<p><strong>Business Activities Division  <br><\/strong><a href=\"mailto:obchod.sk@engie.com\"><i class=\"icon-envelop\"> <\/i>obchod.sk@engie.com<\/a><\/p>\n\n\t\t<\/div>\n\t\t\t\t\t<\/div>\n\n\t\n\n\t<div id=\"col-1555990243\" class=\"col medium-12 small-12 large-4\"  >\n\t\t\t\t<div class=\"col-inner\"  >\n\t\t\t\n\t\t\t\n\n<p><strong>Finance and Support Activities Division<br><\/strong><a href=\"mailto:faktury.sk@engie.com\"><i class=\"icon-envelop\"> <\/i>faktury.sk@engie.com<\/a><\/p>\n\n\t\t<\/div>\n\t\t\t\t\t<\/div>\n\n\t\n\n\t<div id=\"col-76526051\" class=\"col medium-12 small-12 large-4\"  >\n\t\t\t\t<div class=\"col-inner\"  >\n\t\t\t\n\t\t\t\n\n<p><strong>Human Resources Department<br><\/strong><a href=\"mailto:hr.sk@engie.com\"><i class=\"icon-envelop\"> <\/i>hr.sk@engie.com<\/a><\/p>\n<p>Applications for employment should be sent via the Careers subpage<\/p>\n\n\t\t<\/div>\n\t\t\t\t\t<\/div>\n\n\t\n\n<\/div>\n\n\t\t<\/div>\n\t<\/div>\n\t\n\t<div id=\"accordion-3676823697\" class=\"accordion-item\">\n\t\t<a id=\"accordion-3676823697-label\" class=\"accordion-title plain\" href=\"#accordion-item-engie-group-companies\" aria-expanded=\"false\" aria-controls=\"accordion-3676823697-content\">\n\t\t\t<button class=\"toggle\" aria-label=\"Toggle\"><i class=\"icon-angle-down\" aria-hidden=\"true\"><\/i><\/button>\n\t\t\t<span>ENGIE Group companies<\/span>\n\t\t<\/a>\n\t\t<div id=\"accordion-3676823697-content\" class=\"accordion-inner\" aria-labelledby=\"accordion-3676823697-label\">\n\t\t\t\n\n<div class=\"row\"  id=\"row-1848182899\">\n\n\n\t<div id=\"col-905998357\" class=\"col medium-12 small-12 large-4\"  >\n\t\t\t\t<div class=\"col-inner\"  >\n\t\t\t\n\t\t\t\n\n<p><strong>ENERGY DISTRIBUTION a.s.<\/strong><br>Jaro\u0161ova 1 <br>831 03 Bratislava<br><a href=\"https:\/\/engie.sk\/en\/energy-distribution-a-s\/\">Contacts<\/a><\/p>\n<p><strong>First Ru\u017einov Company s. r. o.   <\/strong><br>Jaro\u0161ova 1<br>831 03 Bratislava<br><a href=\"https:\/\/engie.sk\/en\/first-ruzinov-company-a-s\/\">Contact<\/a><\/p>\n<p><strong>TERMMING, a. s. <\/strong><br>Jaro\u0161ova 1 <br>831 03 Bratislava<br><a href=\"https:\/\/engie.sk\/en\/termming-a-s\/\">Contact<\/a><\/p>\n\n\t\t<\/div>\n\t\t\t\t\t<\/div>\n\n\t\n\n\t<div id=\"col-2032430495\" class=\"col medium-12 small-12 large-4\"  >\n\t\t\t\t<div class=\"col-inner\"  >\n\t\t\t\n\t\t\t\n\n<p><strong>LMT, a. s. <br><\/strong>Za tra\u0165ou 605\/1<br>031 01 Liptovsk\u00fd Mikul\u00e1\u0161<br><a href=\"https:\/\/engie.sk\/en\/lmt-a-s\/\">Contact<\/a><\/p>\n<p><strong>Ra\u010dianska tepl\u00e1rensk\u00e1, a.s.<\/strong><br>He\u010dkova 5<br>831 05 Bratislava<br><a href=\"https:\/\/engie.sk\/en\/racianska-teplarenska-a-s\/\">Contacts<\/a><\/p>\n\n\t\t<\/div>\n\t\t\t\t\t<\/div>\n\n\t\n\n\t<div id=\"col-935896102\" class=\"col medium-12 small-12 large-4\"  >\n\t\t\t\t<div class=\"col-inner\"  >\n\t\t\t\n\t\t\t\n\n<p><strong>ENGIE Services, a.s.<\/strong><br>Jaro\u0161ova 1 <br>831 03 Bratislava<br><a href=\"\/engie-services\/\">Contacts<\/a><\/p>\n<p><strong>Tepeln\u00e9 hospod\u00e1rstvo Moldava, a.s.<\/strong><br>Ul. \u010cs. arm\u00e1dy 34<br>045 01 Moldava nad Bodvou  <br><a href=\"https:\/\/engie.sk\/en\/tepelne-hospodarstvo-moldava-a-s\/\">Contact<\/a><\/p>\n\n\t\t<\/div>\n\t\t\t\t\t<\/div>\n\n\t\n\n<\/div>\n\n\t\t<\/div>\n\t<\/div>\n\t\n\t<div id=\"accordion-3827372324\" class=\"accordion-item\">\n\t\t<a id=\"accordion-3827372324-label\" class=\"accordion-title plain\" href=\"#accordion-item-write-to-the-director\" aria-expanded=\"false\" aria-controls=\"accordion-3827372324-content\">\n\t\t\t<button class=\"toggle\" aria-label=\"Toggle\"><i class=\"icon-angle-down\" aria-hidden=\"true\"><\/i><\/button>\n\t\t\t<span>Write to the director<\/span>\n\t\t<\/a>\n\t\t<div id=\"accordion-3827372324-content\" class=\"accordion-inner\" aria-labelledby=\"accordion-3827372324-label\">\n\t\t\t\n\n<div class=\"row\"  id=\"row-789994526\">\n\n\n\t<div id=\"col-638651020\" class=\"col small-12 large-12\"  >\n\t\t\t\t<div class=\"col-inner\"  >\n\t\t\t\n\t\t\t\n\n<p>Do you have a suggestion on how to improve our services? Do you have an interesting suggestion? Have we disappointed you in something? Or, on the contrary, have we pleased you?   <\/p>\n<p>We always try to do our best for the satisfaction of our customers and correct cooperation with suppliers and business partners. Our primary goal is to provide a quality service, so we need to know your needs. <\/p>\n<p>What experience have you had with us? Write directly to the director.* <\/p>\n<p>We look forward to any feedback you may have!<\/p>\n<p><strong>*<\/strong> The form is not used to send business offers, requests for employment, sponsorship and support, offers of cooperation and the like. We will not respond to these submissions. If you wish to send us such requests, please use the following email address: <a href=\"mailto:info.sk@engie.com\">info.sk@engie.com.<\/a>   Thank you for your understanding.<\/p>\n\n\n<style id=\"wpforms-css-vars-2187\">\n\t\t\t\t#wpforms-2187 {\n\t\t\t\t\n\t\t\t}\n\t\t\t<\/style><div class=\"wpforms-container wpforms-container-full wpforms-render-modern\" id=\"wpforms-2187\"><form id=\"wpforms-form-2187\" class=\"wpforms-validate wpforms-form wpforms-ajax-form\" data-formid=\"2187\" method=\"post\" enctype=\"multipart\/form-data\" action=\"\/en\/wp-json\/wp\/v2\/pages\/7006\" data-token=\"ded4ab8096f3d3fdee1daa00cbcf6d48\" data-token-time=\"1778845354\"><noscript class=\"wpforms-error-noscript\">Please enable JavaScript in your browser to complete this form.<\/noscript><div id=\"wpforms-error-noscript\" style=\"display: none;\">Please enable JavaScript in your browser to complete this form.<\/div><div class=\"wpforms-field-container\"><div id=\"wpforms-2187-field_1-container\" class=\"wpforms-field wpforms-field-name\" data-field-type=\"name\" data-field-id=\"1\"><label class=\"wpforms-field-label wpforms-label-hide\" for=\"wpforms-2187-field_1\" aria-hidden=\"false\">Name <span class=\"wpforms-required-label\" aria-hidden=\"true\">*<\/span><\/label><input type=\"text\" id=\"wpforms-2187-field_1\" class=\"wpforms-field-large wpforms-field-required\" name=\"wpforms[fields][1]\" placeholder=\"Your name and surname\" aria-errormessage=\"wpforms-2187-field_1-error\" required><\/div><div id=\"wpforms-2187-field_4-container\" class=\"wpforms-field wpforms-field-layout\" data-field-type=\"layout\" data-field-id=\"4\"><div class=\"wpforms-field-layout-rows wpforms-field-large\"><div class=\"wpforms-layout-row\"><div class=\"wpforms-layout-column wpforms-layout-column-50\"><div id=\"wpforms-2187-field_2-container\" class=\"wpforms-field wpforms-field-email\" data-field-type=\"email\" data-field-id=\"2\"><label class=\"wpforms-field-label wpforms-label-hide\" for=\"wpforms-2187-field_2\" aria-hidden=\"false\">Email <span class=\"wpforms-required-label\" aria-hidden=\"true\">*<\/span><\/label><input type=\"email\" id=\"wpforms-2187-field_2\" class=\"wpforms-field-medium wpforms-field-required\" name=\"wpforms[fields][2]\" placeholder=\"E-mail address\" spellcheck=\"false\" aria-errormessage=\"wpforms-2187-field_2-error\" required><\/div><\/div><div class=\"wpforms-layout-column wpforms-layout-column-50\"><div id=\"wpforms-2187-field_3-container\" class=\"wpforms-field wpforms-field-phone\" data-field-type=\"phone\" data-field-id=\"3\"><label class=\"wpforms-field-label wpforms-label-hide\" for=\"wpforms-2187-field_3\" aria-hidden=\"false\">Phone<\/label><input type=\"tel\" id=\"wpforms-2187-field_3\" class=\"wpforms-field-medium wpforms-smart-phone-field\" data-rule-smart-phone-field=\"true\" name=\"wpforms[fields][3]\" placeholder=\"Phone\" aria-label=\"Phone\" aria-errormessage=\"wpforms-2187-field_3-error\" ><\/div><\/div><\/div><\/div><\/div><div id=\"wpforms-2187-field_5-container\" class=\"wpforms-field wpforms-field-text\" data-field-type=\"text\" data-field-id=\"5\"><label class=\"wpforms-field-label wpforms-label-hide\" for=\"wpforms-2187-field_5\" aria-hidden=\"false\">Company name<\/label><input type=\"text\" id=\"wpforms-2187-field_5\" class=\"wpforms-field-large\" name=\"wpforms[fields][5]\" placeholder=\"Company name\" aria-errormessage=\"wpforms-2187-field_5-error\" ><\/div><div id=\"wpforms-2187-field_8-container\" class=\"wpforms-field wpforms-field-textarea\" data-field-type=\"textarea\" data-field-id=\"8\"><label class=\"wpforms-field-label wpforms-label-hide\" for=\"wpforms-2187-field_8\" aria-hidden=\"false\">Comment<\/label><textarea id=\"wpforms-2187-field_8\" class=\"wpforms-field-large wpforms-limit-words-enabled\" data-form-id=\"2187\" data-field-id=\"8\" data-text-limit=\"200\" name=\"wpforms[fields][8]\" placeholder=\"Comment\" aria-errormessage=\"wpforms-2187-field_8-error\" ><\/textarea><\/div><div id=\"wpforms-2187-field_6-container\" class=\"wpforms-field wpforms-field-gdpr-checkbox\" data-field-type=\"gdpr-checkbox\" data-field-id=\"6\"><label class=\"wpforms-field-label wpforms-label-hide\" aria-hidden=\"false\">GDPR consent <span class=\"wpforms-required-label\" aria-hidden=\"true\">*<\/span><\/label><ul id=\"wpforms-2187-field_6\" class=\"wpforms-field-required\"><li class=\"choice-1\"><input type=\"checkbox\" id=\"wpforms-2187-field_6_1\" name=\"wpforms[fields][6][]\" value=\"I consent to &lt;a href=&quot;https:\/\/engie.sk\/en\/privacy-policy\/&quot; target=&quot;_blank&quot;&gt;the processing of my personal data&lt;\/a&gt;.\" aria-errormessage=\"wpforms-2187-field_6_1-error\" required ><label class=\"wpforms-field-label-inline\" for=\"wpforms-2187-field_6_1\">I consent to <a href=\"https:\/\/engie.sk\/en\/privacy-policy\/\" target=\"_blank\">the processing of my personal data<\/a>. <span class=\"wpforms-required-label\" aria-hidden=\"true\">*<\/span><\/label><\/li><\/ul><\/div><\/div><!-- .wpforms-field-container --><div class=\"wpforms-recaptcha-container wpforms-is-turnstile\" ><div class=\"wpforms-turnstile\" data-sitekey=\"0x4AAAAAAA3aJHt-qLlnje8G\" data-action=\"FormID-2187\"><\/div><input type=\"text\" name=\"g-recaptcha-hidden\" class=\"wpforms-recaptcha-hidden\" style=\"position:absolute!important;clip:rect(0,0,0,0)!important;height:1px!important;width:1px!important;border:0!important;overflow:hidden!important;padding:0!important;margin:0!important;\" data-rule-turnstile=\"1\"><\/div><div class=\"wpforms-submit-container\" ><input type=\"hidden\" name=\"wpforms[id]\" value=\"2187\"><input type=\"hidden\" name=\"page_title\" value=\"\"><input type=\"hidden\" name=\"page_url\" value=\"https:\/\/engie.sk\/en\/wp-json\/wp\/v2\/pages\/7006\"><input type=\"hidden\" name=\"url_referer\" value=\"\"><button type=\"submit\" name=\"wpforms[submit]\" id=\"wpforms-submit-2187\" class=\"wpforms-submit\" data-alt-text=\"Sending...\" data-submit-text=\"Send message\" aria-live=\"assertive\" value=\"wpforms-submit\">Send message<\/button><img decoding=\"async\" src=\"https:\/\/engie.sk\/wp-content\/plugins\/wpforms\/assets\/images\/submit-spin.svg\" class=\"wpforms-submit-spinner\" style=\"display: none;\" width=\"26\" height=\"26\" alt=\"Loading\"><\/div><\/form><\/div>  <!-- .wpforms-container -->\n\n\n\t\t<\/div>\n\t\t\t\t\t<\/div>\n\n\t\n\n<\/div>\n\n\t\t<\/div>\n\t<\/div>\n\t\n\n<\/div>\n\n\t\t<\/div>\n\t\t\t\t\t<\/div>\n\n\t\n\n<\/div>\n\n\t\t<\/div>\n\t\t\t\t\n<style>\n#col-1072937195 > .col-inner {\n  padding: 20px 20px 20px 20px;\n  margin: 0px 0px 50px 0px;\n}\n@media (min-width:550px) {\n  #col-1072937195 > .col-inner {\n    padding: 50px 50px 50px 50px;\n  }\n}\n@media (min-width:850px) {\n  #col-1072937195 > .col-inner {\n    padding: 50px 50px 50px 50px;\n  }\n}\n<\/style>\n\t<\/div>\n\n\t\n\n<\/div>\n\n\t\t<\/div>\n\n\t\t\n<style>\n#section_2044136137 {\n  padding-top: 0px;\n  padding-bottom: 0px;\n}\n<\/style>\n\t<\/section>\n\t\n\n","protected":false},"excerpt":{"rendered":"","protected":false},"author":1,"featured_media":0,"parent":0,"menu_order":0,"comment_status":"closed","ping_status":"closed","template":"page-blank.php","meta":{"_acf_changed":false,"footnotes":""},"class_list":["post-7006","page","type-page","status-publish","hentry"],"acf":[],"yoast_head":"<!-- This site is optimized with the Yoast SEO plugin v27.4 - https:\/\/yoast.com\/product\/yoast-seo-wordpress\/ -->\n<title>Contact - Engie<\/title>\n<meta name=\"robots\" content=\"index, follow, max-snippet:-1, max-image-preview:large, max-video-preview:-1\" \/>\n<link rel=\"canonical\" href=\"https:\/\/engie.sk\/en\/contact\/\" \/>\n<meta property=\"og:locale\" content=\"en_US\" \/>\n<meta property=\"og:type\" content=\"article\" \/>\n<meta property=\"og:title\" content=\"Contact - Engie\" \/>\n<meta property=\"og:url\" content=\"https:\/\/engie.sk\/en\/contact\/\" \/>\n<meta property=\"og:site_name\" content=\"Engie\" \/>\n<meta property=\"article:modified_time\" content=\"2026-01-15T14:10:49+00:00\" \/>\n<meta name=\"twitter:card\" content=\"summary_large_image\" \/>\n<meta name=\"twitter:label1\" content=\"Est. reading time\" \/>\n\t<meta name=\"twitter:data1\" content=\"3 minutes\" \/>\n<script type=\"application\/ld+json\" class=\"yoast-schema-graph\">{\"@context\":\"https:\\\/\\\/schema.org\",\"@graph\":[{\"@type\":\"WebPage\",\"@id\":\"https:\\\/\\\/engie.sk\\\/en\\\/contact\\\/\",\"url\":\"https:\\\/\\\/engie.sk\\\/en\\\/contact\\\/\",\"name\":\"Contact - Engie\",\"isPartOf\":{\"@id\":\"https:\\\/\\\/engie.sk\\\/en\\\/#website\"},\"datePublished\":\"2024-07-16T11:36:37+00:00\",\"dateModified\":\"2026-01-15T14:10:49+00:00\",\"breadcrumb\":{\"@id\":\"https:\\\/\\\/engie.sk\\\/en\\\/contact\\\/#breadcrumb\"},\"inLanguage\":\"en-US\",\"potentialAction\":[{\"@type\":\"ReadAction\",\"target\":[\"https:\\\/\\\/engie.sk\\\/en\\\/contact\\\/\"]}]},{\"@type\":\"BreadcrumbList\",\"@id\":\"https:\\\/\\\/engie.sk\\\/en\\\/contact\\\/#breadcrumb\",\"itemListElement\":[{\"@type\":\"ListItem\",\"position\":1,\"name\":\"Home\",\"item\":\"https:\\\/\\\/engie.sk\\\/en\\\/\"},{\"@type\":\"ListItem\",\"position\":2,\"name\":\"Contact\"}]},{\"@type\":\"WebSite\",\"@id\":\"https:\\\/\\\/engie.sk\\\/en\\\/#website\",\"url\":\"https:\\\/\\\/engie.sk\\\/en\\\/\",\"name\":\"Engie\",\"description\":\"\",\"potentialAction\":[{\"@type\":\"SearchAction\",\"target\":{\"@type\":\"EntryPoint\",\"urlTemplate\":\"https:\\\/\\\/engie.sk\\\/en\\\/?s={search_term_string}\"},\"query-input\":{\"@type\":\"PropertyValueSpecification\",\"valueRequired\":true,\"valueName\":\"search_term_string\"}}],\"inLanguage\":\"en-US\"}]}<\/script>\n<!-- \/ Yoast SEO plugin. -->","yoast_head_json":{"title":"Contact - Engie","robots":{"index":"index","follow":"follow","max-snippet":"max-snippet:-1","max-image-preview":"max-image-preview:large","max-video-preview":"max-video-preview:-1"},"canonical":"https:\/\/engie.sk\/en\/contact\/","og_locale":"en_US","og_type":"article","og_title":"Contact - Engie","og_url":"https:\/\/engie.sk\/en\/contact\/","og_site_name":"Engie","article_modified_time":"2026-01-15T14:10:49+00:00","twitter_card":"summary_large_image","twitter_misc":{"Est. reading time":"3 minutes"},"schema":{"@context":"https:\/\/schema.org","@graph":[{"@type":"WebPage","@id":"https:\/\/engie.sk\/en\/contact\/","url":"https:\/\/engie.sk\/en\/contact\/","name":"Contact - Engie","isPartOf":{"@id":"https:\/\/engie.sk\/en\/#website"},"datePublished":"2024-07-16T11:36:37+00:00","dateModified":"2026-01-15T14:10:49+00:00","breadcrumb":{"@id":"https:\/\/engie.sk\/en\/contact\/#breadcrumb"},"inLanguage":"en-US","potentialAction":[{"@type":"ReadAction","target":["https:\/\/engie.sk\/en\/contact\/"]}]},{"@type":"BreadcrumbList","@id":"https:\/\/engie.sk\/en\/contact\/#breadcrumb","itemListElement":[{"@type":"ListItem","position":1,"name":"Home","item":"https:\/\/engie.sk\/en\/"},{"@type":"ListItem","position":2,"name":"Contact"}]},{"@type":"WebSite","@id":"https:\/\/engie.sk\/en\/#website","url":"https:\/\/engie.sk\/en\/","name":"Engie","description":"","potentialAction":[{"@type":"SearchAction","target":{"@type":"EntryPoint","urlTemplate":"https:\/\/engie.sk\/en\/?s={search_term_string}"},"query-input":{"@type":"PropertyValueSpecification","valueRequired":true,"valueName":"search_term_string"}}],"inLanguage":"en-US"}]}},"_links":{"self":[{"href":"https:\/\/engie.sk\/en\/wp-json\/wp\/v2\/pages\/7006","targetHints":{"allow":["GET"]}}],"collection":[{"href":"https:\/\/engie.sk\/en\/wp-json\/wp\/v2\/pages"}],"about":[{"href":"https:\/\/engie.sk\/en\/wp-json\/wp\/v2\/types\/page"}],"author":[{"embeddable":true,"href":"https:\/\/engie.sk\/en\/wp-json\/wp\/v2\/users\/1"}],"replies":[{"embeddable":true,"href":"https:\/\/engie.sk\/en\/wp-json\/wp\/v2\/comments?post=7006"}],"version-history":[{"count":0,"href":"https:\/\/engie.sk\/en\/wp-json\/wp\/v2\/pages\/7006\/revisions"}],"wp:attachment":[{"href":"https:\/\/engie.sk\/en\/wp-json\/wp\/v2\/media?parent=7006"}],"curies":[{"name":"wp","href":"https:\/\/api.w.org\/{rel}","templated":true}]}}