{"id":10162,"date":"2025-10-01T15:21:56","date_gmt":"2025-10-01T13:21:56","guid":{"rendered":"https:\/\/engie.sk\/consent-of-the-legal-representative\/"},"modified":"2025-10-08T11:42:43","modified_gmt":"2025-10-08T09:42:43","slug":"consent-of-the-legal-representative","status":"publish","type":"page","link":"https:\/\/engie.sk\/en\/consent-of-the-legal-representative\/","title":{"rendered":"Consent of the legal representative"},"content":{"rendered":"\n\n\t<section class=\"section\" id=\"section_2113752745\">\n\t\t<div class=\"section-bg fill\" >\n\t\t\t\t\t\t\t\t\t\n\t\t\t\n\n\t\t<\/div>\n\n\t\t\n\n\t\t<div class=\"section-content relative\">\n\t\t\t\n<div class=\"row row-collapse align-center\"  id=\"row-933793570\">\n\n\t<div id=\"col-615873684\" class=\"col small-12 large-12\"  >\n\t\t\t\t<div class=\"col-inner\"  >\n\t\t\t\n\t\t\t\n\t<div id=\"text-3390146793\" class=\"text\">\n\t\t\n<h4 class=\"wp-block-heading\">S\u00fahlas z\u00e1konn\u00e9ho z\u00e1stupcu so spracovan\u00edm osobn\u00fdch \u00fadajov \u0161tudenta<br\/>pod\u013ea \u00a7 15 z\u00e1kona \u010d.18\/2018 Z.z..<\/h4>\n\t\t\n<style>\n#text-3390146793 {\n  font-size: 1.5rem;\n  text-align: center;\n}\n@media (min-width:850px) {\n  #text-3390146793 {\n    font-size: 2rem;\n  }\n}\n<\/style>\n\t<\/div>\n\t\n\n<style id=\"wpforms-css-vars-10150\">\n\t\t\t\t#wpforms-10150 {\n\t\t\t\t--wpforms-field-size-input-height: 43px;\n--wpforms-field-size-input-spacing: 15px;\n--wpforms-field-size-font-size: 16px;\n--wpforms-field-size-line-height: 19px;\n--wpforms-field-size-padding-h: 14px;\n--wpforms-field-size-checkbox-size: 16px;\n--wpforms-field-size-sublabel-spacing: 5px;\n--wpforms-field-size-icon-size: 1;\n--wpforms-label-size-font-size: 16px;\n--wpforms-label-size-line-height: 19px;\n--wpforms-label-size-sublabel-font-size: 14px;\n--wpforms-label-size-sublabel-line-height: 17px;\n--wpforms-button-size-font-size: 17px;\n--wpforms-button-size-height: 41px;\n--wpforms-button-size-padding-h: 15px;\n--wpforms-button-size-margin-top: 10px;\n--wpforms-container-shadow-size-box-shadow: none;\n\t\t\t}\n\t\t\t<\/style><div class=\"wpforms-container wpforms-container-full wpforms-render-modern\" id=\"wpforms-10150\"><form id=\"wpforms-form-10150\" class=\"wpforms-validate wpforms-form wpforms-ajax-form\" data-formid=\"10150\" method=\"post\" enctype=\"multipart\/form-data\" action=\"\/en\/wp-json\/wp\/v2\/pages\/10162\" data-token=\"19e55aeb2781f350a5ed715f35995567\" data-token-time=\"1777473516\"><noscript class=\"wpforms-error-noscript\">Please enable JavaScript in your browser to complete this form.<\/noscript><div id=\"wpforms-error-noscript\" style=\"display: none;\">Please enable JavaScript in your browser to complete this form.<\/div><div class=\"wpforms-field-container\"><div id=\"wpforms-10150-field_14-container\" class=\"wpforms-field wpforms-field-layout\" data-field-type=\"layout\" data-field-id=\"14\"><div class=\"wpforms-field-layout-rows wpforms-field-large\"><div class=\"wpforms-layout-row\"><div class=\"wpforms-layout-column wpforms-layout-column-50\"><div id=\"wpforms-10150-field_1-container\" class=\"wpforms-field wpforms-field-name\" data-field-type=\"name\" data-field-id=\"1\"><fieldset><legend class=\"wpforms-field-label\">Name and surname of the legal representative <span class=\"wpforms-required-label\" aria-hidden=\"true\">*<\/span><\/legend><div class=\"wpforms-field-row wpforms-field-medium\"><div class=\"wpforms-field-row-block wpforms-first wpforms-one-half\"><input type=\"text\" id=\"wpforms-10150-field_1\" class=\"wpforms-field-name-first wpforms-field-required\" name=\"wpforms[fields][1][first]\" placeholder=\"Name\" aria-errormessage=\"wpforms-10150-field_1-error\" required><label for=\"wpforms-10150-field_1\" class=\"wpforms-field-sublabel after wpforms-sublabel-hide\">First<\/label><\/div><div class=\"wpforms-field-row-block wpforms-one-half\"><input type=\"text\" id=\"wpforms-10150-field_1-last\" class=\"wpforms-field-name-last wpforms-field-required\" name=\"wpforms[fields][1][last]\" placeholder=\"Last name\" aria-errormessage=\"wpforms-10150-field_1-last-error\" required><label for=\"wpforms-10150-field_1-last\" class=\"wpforms-field-sublabel after wpforms-sublabel-hide\">Last<\/label><\/div><\/div><\/fieldset><\/div><\/div><div class=\"wpforms-layout-column wpforms-layout-column-50\"><div id=\"wpforms-10150-field_6-container\" class=\"wpforms-field wpforms-field-name\" data-field-type=\"name\" data-field-id=\"6\"><fieldset><legend class=\"wpforms-field-label\">Name and surname of pupil \/ student <span class=\"wpforms-required-label\" aria-hidden=\"true\">*<\/span><\/legend><div class=\"wpforms-field-row wpforms-field-medium\"><div class=\"wpforms-field-row-block wpforms-first wpforms-one-half\"><input type=\"text\" id=\"wpforms-10150-field_6\" class=\"wpforms-field-name-first wpforms-field-required\" name=\"wpforms[fields][6][first]\" placeholder=\"Name\" aria-errormessage=\"wpforms-10150-field_6-error\" required><label for=\"wpforms-10150-field_6\" class=\"wpforms-field-sublabel after wpforms-sublabel-hide\">First<\/label><\/div><div class=\"wpforms-field-row-block wpforms-one-half\"><input type=\"text\" id=\"wpforms-10150-field_6-last\" class=\"wpforms-field-name-last wpforms-field-required\" name=\"wpforms[fields][6][last]\" placeholder=\"Last name\" aria-errormessage=\"wpforms-10150-field_6-last-error\" required><label for=\"wpforms-10150-field_6-last\" class=\"wpforms-field-sublabel after wpforms-sublabel-hide\">Last<\/label><\/div><\/div><\/fieldset><\/div><\/div><\/div><div class=\"wpforms-layout-row\"><div class=\"wpforms-layout-column wpforms-layout-column-50\"><div id=\"wpforms-10150-field_4-container\" class=\"wpforms-field wpforms-field-address\" data-field-type=\"address\" data-field-id=\"4\"><fieldset><legend class=\"wpforms-field-label\">Address of the legal representative <span class=\"wpforms-required-label\" aria-hidden=\"true\">*<\/span><\/legend><div class=\"wpforms-field-row wpforms-field-medium\"><div ><input type=\"text\" id=\"wpforms-10150-field_4\" class=\"wpforms-field-address-address1 wpforms-field-required\" name=\"wpforms[fields][4][address1]\" placeholder=\"Street and house number\" aria-errormessage=\"wpforms-10150-field_4-error\" required><label for=\"wpforms-10150-field_4\" class=\"wpforms-field-sublabel after wpforms-sublabel-hide\">Address Line 1<\/label><\/div><\/div><div class=\"wpforms-field-row wpforms-field-medium\"><div class=\"wpforms-field-row-block wpforms-one-half wpforms-first\"><input type=\"text\" id=\"wpforms-10150-field_4-city\" class=\"wpforms-field-address-city wpforms-field-required\" name=\"wpforms[fields][4][city]\" placeholder=\"City\" aria-errormessage=\"wpforms-10150-field_4-city-error\" required><label for=\"wpforms-10150-field_4-city\" class=\"wpforms-field-sublabel after wpforms-sublabel-hide\">City<\/label><\/div><div class=\"wpforms-field-row-block wpforms-one-half\"><input type=\"text\" id=\"wpforms-10150-field_4-state\" class=\"wpforms-field-address-state wpforms-field-required\" name=\"wpforms[fields][4][state]\" placeholder=\"Landscape\" aria-errormessage=\"wpforms-10150-field_4-state-error\" required><label for=\"wpforms-10150-field_4-state\" class=\"wpforms-field-sublabel after wpforms-sublabel-hide\">State \/ Province \/ Region<\/label><\/div><\/div><div class=\"wpforms-field-row wpforms-field-medium\"><div class=\"wpforms-field-row-block wpforms-one-half wpforms-first\"><input type=\"text\" id=\"wpforms-10150-field_4-postal\" class=\"wpforms-field-address-postal wpforms-field-required\" name=\"wpforms[fields][4][postal]\" placeholder=\"POSTCODE\" aria-errormessage=\"wpforms-10150-field_4-postal-error\" required><label for=\"wpforms-10150-field_4-postal\" class=\"wpforms-field-sublabel after wpforms-sublabel-hide\">Postal Code<\/label><\/div><\/div><\/fieldset><\/div><\/div><div class=\"wpforms-layout-column wpforms-layout-column-50\"><div id=\"wpforms-10150-field_5-container\" class=\"wpforms-field wpforms-field-address\" data-field-type=\"address\" data-field-id=\"5\"><fieldset><legend class=\"wpforms-field-label\">Pupil\/student address <span class=\"wpforms-required-label\" aria-hidden=\"true\">*<\/span><\/legend><div class=\"wpforms-field-row wpforms-field-medium\"><div ><input type=\"text\" id=\"wpforms-10150-field_5\" class=\"wpforms-field-address-address1 wpforms-field-required\" name=\"wpforms[fields][5][address1]\" placeholder=\"Street and house number\" aria-errormessage=\"wpforms-10150-field_5-error\" required><label for=\"wpforms-10150-field_5\" class=\"wpforms-field-sublabel after wpforms-sublabel-hide\">Address Line 1<\/label><\/div><\/div><div class=\"wpforms-field-row wpforms-field-medium\"><div class=\"wpforms-field-row-block wpforms-one-half wpforms-first\"><input type=\"text\" id=\"wpforms-10150-field_5-city\" class=\"wpforms-field-address-city wpforms-field-required\" name=\"wpforms[fields][5][city]\" placeholder=\"City\" aria-errormessage=\"wpforms-10150-field_5-city-error\" required><label for=\"wpforms-10150-field_5-city\" class=\"wpforms-field-sublabel after wpforms-sublabel-hide\">City<\/label><\/div><div class=\"wpforms-field-row-block wpforms-one-half\"><input type=\"text\" id=\"wpforms-10150-field_5-state\" class=\"wpforms-field-address-state wpforms-field-required\" name=\"wpforms[fields][5][state]\" placeholder=\"Landscape\" aria-errormessage=\"wpforms-10150-field_5-state-error\" required><label for=\"wpforms-10150-field_5-state\" class=\"wpforms-field-sublabel after wpforms-sublabel-hide\">State \/ Province \/ Region<\/label><\/div><\/div><div class=\"wpforms-field-row wpforms-field-medium\"><div class=\"wpforms-field-row-block wpforms-one-half wpforms-first\"><input type=\"text\" id=\"wpforms-10150-field_5-postal\" class=\"wpforms-field-address-postal wpforms-field-required\" name=\"wpforms[fields][5][postal]\" placeholder=\"POSTCODE\" aria-errormessage=\"wpforms-10150-field_5-postal-error\" required><label for=\"wpforms-10150-field_5-postal\" class=\"wpforms-field-sublabel after wpforms-sublabel-hide\">Postal Code<\/label><\/div><\/div><\/fieldset><\/div><\/div><\/div><div class=\"wpforms-layout-row\"><div class=\"wpforms-layout-column wpforms-layout-column-50\"><div id=\"wpforms-10150-field_2-container\" class=\"wpforms-field wpforms-field-email\" data-field-type=\"email\" data-field-id=\"2\"><label class=\"wpforms-field-label\" for=\"wpforms-10150-field_2\">Email of the legal representative <span class=\"wpforms-required-label\" aria-hidden=\"true\">*<\/span><\/label><input type=\"email\" id=\"wpforms-10150-field_2\" class=\"wpforms-field-medium wpforms-field-required\" name=\"wpforms[fields][2]\" spellcheck=\"false\" aria-errormessage=\"wpforms-10150-field_2-error\" required><\/div><\/div><div class=\"wpforms-layout-column wpforms-layout-column-50\"><div id=\"wpforms-10150-field_16-container\" class=\"wpforms-field wpforms-field-text\" data-field-type=\"text\" data-field-id=\"16\"><label class=\"wpforms-field-label\" for=\"wpforms-10150-field_16\">Name of school <span class=\"wpforms-required-label\" aria-hidden=\"true\">*<\/span><\/label><input type=\"text\" id=\"wpforms-10150-field_16\" class=\"wpforms-field-medium wpforms-field-required\" name=\"wpforms[fields][16]\" aria-errormessage=\"wpforms-10150-field_16-error\" required><\/div><\/div><\/div><\/div><\/div><div id=\"wpforms-10150-field_15-container\" class=\"wpforms-field wpforms-field-content\" data-field-type=\"content\" data-field-id=\"15\"><div id=\"wpforms-10150-field_15\" class=\"wpforms-field-large wpforms-field-row\" aria-errormessage=\"wpforms-10150-field_15-error\"><p><strong>I grant my consent to<\/strong> <strong>ENGIE Services a.s.<\/strong>, with registered office at Jaro\u0161ova 1, 831 03 Bratislava, ID No.: 35 966 289, registered in the Commercial Register kept by the District Court Bratislava I, Section : Sa, Insert No.: 3744\/B, pursuant to Art. 6(1)(a) of the EU EPaR Regulation No. 2016\/679 and pursuant to Act No. 18\/2018 Coll. on the Protection of Personal Data and on Amendments and Additions to Certain Acts ( hereinafter referred to as \" the Act \") <strong>with the processing of personal data of my son\/my daughter\/the person entrusted to me<\/strong>, and at the same time pursuant to Article 12 of Act No. 40\/1964 Coll. of the Civil Code, as amended, I agree to the use of the likeness of my son\/my daughter in photographs and video recordings. ENGIE will use the videos and photographs in its publications and promotional activities on the website - <a href=\"http:\/\/www.engie.sk\">www.engie.sk,<\/a> on social networks, in the online magazine, in press releases, on ENGIE's intranet and in the company's printed materials.         <\/p>\n<p>As a legal representative, I declare that I am aware of my rights under Sections 19 and 20 of the Act and that I have been provided with all the information under Section 29 of the Act.<\/p>\n<p>I also declare that the personal data provided is true, has been freely given and that I am fully responsible for the falsity of the personal data.<\/p>\n<p>This consent is voluntary and is granted for a period of 3 years. This consent may be withdrawn at any time. It can only be revoked in writing, at the email address: <a href=\"mailto:zodpovednaosoba.sk@gmail.com\">zodpovednaosoba.sk@gmail.com<\/a> and at the address: <a href=\"mailto:katarina.frcova@engie.com\">katarina.frcova@engie.com, or<\/a> by sending a written request to the address of the controller's registered office with the text \"GDPR - withdrawal of consent\" on the envelope. For more information about our Personal Data Processing Policy, please visit <a href=\"https:\/\/www.engie.sk\/ochrana-osobnych-udajov\">www.engie.sk\/ochrana-osobnych-udajov<\/a>   <\/p>\n<div class=\"wpforms-field-content-display-frontend-clear\"><\/div><\/div><\/div><div id=\"wpforms-10150-field_7-container\" class=\"wpforms-field wpforms-field-gdpr-checkbox gdpr-suhlas\" data-field-type=\"gdpr-checkbox\" data-field-id=\"7\"><label class=\"wpforms-field-label wpforms-label-hide\" aria-hidden=\"false\">I agree <span class=\"wpforms-required-label\" aria-hidden=\"true\">*<\/span><\/label><ul id=\"wpforms-10150-field_7\" class=\"wpforms-field-required\"><li class=\"choice-1\"><input type=\"checkbox\" id=\"wpforms-10150-field_7_1\" name=\"wpforms[fields][7][]\" value=\"As a legal representative, I agree to the processing of the student&#039;s personal data pursuant to Section 15 of Act No. 18\/2018 Coll.\" aria-errormessage=\"wpforms-10150-field_7_1-error\" required ><label class=\"wpforms-field-label-inline\" for=\"wpforms-10150-field_7_1\">As a legal representative, I agree to the processing of the student's personal data pursuant to Section 15 of Act No. 18\/2018 Coll. <span class=\"wpforms-required-label\" aria-hidden=\"true\">*<\/span><\/label><\/li><\/ul><\/div><div id=\"wpforms-10150-field_9-container\" class=\"wpforms-field wpforms-field-hidden\" data-field-type=\"hidden\" data-field-id=\"9\"><input type=\"hidden\" id=\"wpforms-10150-field_9\" name=\"wpforms[fields][9]\" value=\"{ date format=&quot;m\/d\/Y H:i:s&quot;}\"><\/div>\t\t<div id=\"wpforms-10150-field_3-container\"\n\t\t\tclass=\"wpforms-field wpforms-field-text\"\n\t\t\tdata-field-type=\"text\"\n\t\t\tdata-field-id=\"3\"\n\t\t\t>\n\t\t\t<label class=\"wpforms-field-label\" for=\"wpforms-10150-field_3\" >Date of I<\/label>\n\t\t\t<input type=\"text\" id=\"wpforms-10150-field_3\" class=\"wpforms-field-medium\" name=\"wpforms[fields][3]\" >\n\t\t<\/div>\n\t\t<div id=\"wpforms-10150-field_10-container\" class=\"wpforms-field wpforms-field-hidden\" data-field-type=\"hidden\" data-field-id=\"10\"><input type=\"hidden\" id=\"wpforms-10150-field_10\" name=\"wpforms[fields][10]\" value=\"216.73.217.111\"><\/div><div id=\"wpforms-10150-field_17-container\" class=\"wpforms-field wpforms-field-hidden\" data-field-type=\"hidden\" data-field-id=\"17\"><input type=\"hidden\" id=\"wpforms-10150-field_17\" name=\"wpforms[fields][17]\"><\/div><div id=\"wpforms-10150-field_13-container\" class=\"wpforms-field wpforms-field-text\" data-field-type=\"text\" data-field-id=\"13\"><label class=\"wpforms-field-label\" for=\"wpforms-10150-field_13\">Place of signature <span class=\"wpforms-required-label\" aria-hidden=\"true\">*<\/span><\/label><input type=\"text\" id=\"wpforms-10150-field_13\" class=\"wpforms-field-large wpforms-field-required\" name=\"wpforms[fields][13]\" placeholder=\"City\" aria-errormessage=\"wpforms-10150-field_13-error\" required><\/div><script>\n\t\t\t\t( function() {\n\t\t\t\t\tconst style = document.createElement( 'style' );\n\t\t\t\t\tstyle.appendChild( document.createTextNode( '#wpforms-10150-field_3-container { position: absolute !important; overflow: hidden !important; display: inline !important; height: 1px !important; width: 1px !important; z-index: -1000 !important; padding: 0 !important; } #wpforms-10150-field_3-container input { visibility: hidden; } #wpforms-conversational-form-page #wpforms-10150-field_3-container label { counter-increment: none; }' ) );\n\t\t\t\t\tdocument.head.appendChild( style );\n\t\t\t\t\tdocument.currentScript?.remove();\n\t\t\t\t} )();\n\t\t\t<\/script><\/div><!-- .wpforms-field-container --><div class=\"wpforms-recaptcha-container wpforms-is-turnstile\" ><div class=\"wpforms-turnstile\" data-sitekey=\"0x4AAAAAAA3aJHt-qLlnje8G\" data-action=\"FormID-10150\"><\/div><input type=\"text\" name=\"g-recaptcha-hidden\" class=\"wpforms-recaptcha-hidden\" style=\"position:absolute!important;clip:rect(0,0,0,0)!important;height:1px!important;width:1px!important;border:0!important;overflow:hidden!important;padding:0!important;margin:0!important;\" data-rule-turnstile=\"1\"><\/div><div class=\"wpforms-submit-container\" ><input type=\"hidden\" name=\"wpforms[id]\" value=\"10150\"><input type=\"hidden\" name=\"page_title\" value=\"\"><input type=\"hidden\" name=\"page_url\" value=\"https:\/\/engie.sk\/en\/wp-json\/wp\/v2\/pages\/10162\"><input type=\"hidden\" name=\"url_referer\" value=\"\"><button type=\"submit\" name=\"wpforms[submit]\" id=\"wpforms-submit-10150\" class=\"wpforms-submit\" data-alt-text=\"I&#039;m sending...\" data-submit-text=\"Send consent\" aria-live=\"assertive\" value=\"wpforms-submit\">Send consent<\/button><img decoding=\"async\" src=\"https:\/\/engie.sk\/wp-content\/plugins\/wpforms\/assets\/images\/submit-spin.svg\" class=\"wpforms-submit-spinner\" style=\"display: none;\" width=\"26\" height=\"26\" alt=\"Loading\"><\/div><\/form><\/div>  <!-- .wpforms-container -->\n\n\t\t<\/div>\n\t\t\t\t\n<style>\n#col-615873684 > .col-inner {\n  margin: 0px 0px -60px 0px;\n}\n@media (min-width:550px) {\n  #col-615873684 > .col-inner {\n    margin: 0px 0px -60px 0px;\n  }\n}\n@media (min-width:850px) {\n  #col-615873684 > .col-inner {\n    margin: 0px 0px -16px 0px;\n  }\n}\n<\/style>\n\t<\/div>\n\n\t\n<\/div>\n\t\t<\/div>\n\n\t\t\n<style>\n#section_2113752745 {\n  padding-top: 50px;\n  padding-bottom: 50px;\n}\n<\/style>\n\t<\/section>\n\t\n","protected":false},"excerpt":{"rendered":"","protected":false},"author":4,"featured_media":0,"parent":0,"menu_order":0,"comment_status":"closed","ping_status":"closed","template":"","meta":{"_acf_changed":false,"footnotes":""},"class_list":["post-10162","page","type-page","status-publish","hentry"],"acf":[],"yoast_head":"<!-- This site is optimized with the Yoast SEO plugin v27.4 - https:\/\/yoast.com\/product\/yoast-seo-wordpress\/ -->\n<title>Consent of the legal representative - Engie<\/title>\n<meta name=\"robots\" content=\"index, follow, max-snippet:-1, max-image-preview:large, max-video-preview:-1\" \/>\n<link rel=\"canonical\" href=\"https:\/\/engie.sk\/en\/consent-of-the-legal-representative\/\" \/>\n<meta property=\"og:locale\" content=\"en_US\" \/>\n<meta property=\"og:type\" content=\"article\" \/>\n<meta property=\"og:title\" content=\"Consent of the legal representative - Engie\" \/>\n<meta property=\"og:url\" content=\"https:\/\/engie.sk\/en\/consent-of-the-legal-representative\/\" \/>\n<meta property=\"og:site_name\" content=\"Engie\" \/>\n<meta property=\"article:modified_time\" content=\"2025-10-08T09:42:43+00:00\" \/>\n<meta name=\"twitter:card\" content=\"summary_large_image\" \/>\n<script type=\"application\/ld+json\" class=\"yoast-schema-graph\">{\"@context\":\"https:\\\/\\\/schema.org\",\"@graph\":[{\"@type\":\"WebPage\",\"@id\":\"https:\\\/\\\/engie.sk\\\/en\\\/consent-of-the-legal-representative\\\/\",\"url\":\"https:\\\/\\\/engie.sk\\\/en\\\/consent-of-the-legal-representative\\\/\",\"name\":\"Consent of the legal representative - Engie\",\"isPartOf\":{\"@id\":\"https:\\\/\\\/engie.sk\\\/en\\\/#website\"},\"datePublished\":\"2025-10-01T13:21:56+00:00\",\"dateModified\":\"2025-10-08T09:42:43+00:00\",\"breadcrumb\":{\"@id\":\"https:\\\/\\\/engie.sk\\\/en\\\/consent-of-the-legal-representative\\\/#breadcrumb\"},\"inLanguage\":\"en-US\",\"potentialAction\":[{\"@type\":\"ReadAction\",\"target\":[\"https:\\\/\\\/engie.sk\\\/en\\\/consent-of-the-legal-representative\\\/\"]}]},{\"@type\":\"BreadcrumbList\",\"@id\":\"https:\\\/\\\/engie.sk\\\/en\\\/consent-of-the-legal-representative\\\/#breadcrumb\",\"itemListElement\":[{\"@type\":\"ListItem\",\"position\":1,\"name\":\"Home\",\"item\":\"https:\\\/\\\/engie.sk\\\/en\\\/\"},{\"@type\":\"ListItem\",\"position\":2,\"name\":\"Consent of the legal representative\"}]},{\"@type\":\"WebSite\",\"@id\":\"https:\\\/\\\/engie.sk\\\/en\\\/#website\",\"url\":\"https:\\\/\\\/engie.sk\\\/en\\\/\",\"name\":\"Engie\",\"description\":\"\",\"potentialAction\":[{\"@type\":\"SearchAction\",\"target\":{\"@type\":\"EntryPoint\",\"urlTemplate\":\"https:\\\/\\\/engie.sk\\\/en\\\/?s={search_term_string}\"},\"query-input\":{\"@type\":\"PropertyValueSpecification\",\"valueRequired\":true,\"valueName\":\"search_term_string\"}}],\"inLanguage\":\"en-US\"}]}<\/script>\n<!-- \/ Yoast SEO plugin. -->","yoast_head_json":{"title":"Consent of the legal representative - Engie","robots":{"index":"index","follow":"follow","max-snippet":"max-snippet:-1","max-image-preview":"max-image-preview:large","max-video-preview":"max-video-preview:-1"},"canonical":"https:\/\/engie.sk\/en\/consent-of-the-legal-representative\/","og_locale":"en_US","og_type":"article","og_title":"Consent of the legal representative - Engie","og_url":"https:\/\/engie.sk\/en\/consent-of-the-legal-representative\/","og_site_name":"Engie","article_modified_time":"2025-10-08T09:42:43+00:00","twitter_card":"summary_large_image","schema":{"@context":"https:\/\/schema.org","@graph":[{"@type":"WebPage","@id":"https:\/\/engie.sk\/en\/consent-of-the-legal-representative\/","url":"https:\/\/engie.sk\/en\/consent-of-the-legal-representative\/","name":"Consent of the legal representative - Engie","isPartOf":{"@id":"https:\/\/engie.sk\/en\/#website"},"datePublished":"2025-10-01T13:21:56+00:00","dateModified":"2025-10-08T09:42:43+00:00","breadcrumb":{"@id":"https:\/\/engie.sk\/en\/consent-of-the-legal-representative\/#breadcrumb"},"inLanguage":"en-US","potentialAction":[{"@type":"ReadAction","target":["https:\/\/engie.sk\/en\/consent-of-the-legal-representative\/"]}]},{"@type":"BreadcrumbList","@id":"https:\/\/engie.sk\/en\/consent-of-the-legal-representative\/#breadcrumb","itemListElement":[{"@type":"ListItem","position":1,"name":"Home","item":"https:\/\/engie.sk\/en\/"},{"@type":"ListItem","position":2,"name":"Consent of the legal representative"}]},{"@type":"WebSite","@id":"https:\/\/engie.sk\/en\/#website","url":"https:\/\/engie.sk\/en\/","name":"Engie","description":"","potentialAction":[{"@type":"SearchAction","target":{"@type":"EntryPoint","urlTemplate":"https:\/\/engie.sk\/en\/?s={search_term_string}"},"query-input":{"@type":"PropertyValueSpecification","valueRequired":true,"valueName":"search_term_string"}}],"inLanguage":"en-US"}]}},"_links":{"self":[{"href":"https:\/\/engie.sk\/en\/wp-json\/wp\/v2\/pages\/10162","targetHints":{"allow":["GET"]}}],"collection":[{"href":"https:\/\/engie.sk\/en\/wp-json\/wp\/v2\/pages"}],"about":[{"href":"https:\/\/engie.sk\/en\/wp-json\/wp\/v2\/types\/page"}],"author":[{"embeddable":true,"href":"https:\/\/engie.sk\/en\/wp-json\/wp\/v2\/users\/4"}],"replies":[{"embeddable":true,"href":"https:\/\/engie.sk\/en\/wp-json\/wp\/v2\/comments?post=10162"}],"version-history":[{"count":0,"href":"https:\/\/engie.sk\/en\/wp-json\/wp\/v2\/pages\/10162\/revisions"}],"wp:attachment":[{"href":"https:\/\/engie.sk\/en\/wp-json\/wp\/v2\/media?parent=10162"}],"curies":[{"name":"wp","href":"https:\/\/api.w.org\/{rel}","templated":true}]}}